{"id":164312,"date":"2025-04-02T15:59:40","date_gmt":"2025-04-02T13:59:40","guid":{"rendered":"https:\/\/clicbackup.platty.tech\/?page_id=164312"},"modified":"2025-05-06T11:36:18","modified_gmt":"2025-05-06T09:36:18","slug":"bildungsurlaub","status":"publish","type":"page","link":"https:\/\/clicbackup.platty.tech\/de\/bildungsurlaub\/","title":{"rendered":"Bildungsurlaub\u00a0"},"content":{"rendered":"<p>[et_pb_section fb_built=&#8221;1&#8243; _builder_version=&#8221;4.27.4&#8243; _module_preset=&#8221;default&#8221; use_background_color_gradient=&#8221;on&#8221; background_color_gradient_type=&#8221;circular&#8221; background_color_gradient_direction_radial=&#8221;bottom&#8221; background_color_gradient_stops=&#8221;rgba(10,10,10,0) 0cm|rgba(31,5,38,0.22) 100cm&#8221; background_color_gradient_unit=&#8221;cm&#8221; background_color_gradient_overlays_image=&#8221;on&#8221; background_image=&#8221;https:\/\/clicbackup.platty.tech\/wp-content\/uploads\/2025\/04\/bildungsurlaub.png&#8221; parallax=&#8221;on&#8221; module_alignment=&#8221;center&#8221; min_height=&#8221;648px&#8221; global_colors_info=&#8221;{}&#8221;][et_pb_row _builder_version=&#8221;4.27.4&#8243; _module_preset=&#8221;default&#8221; custom_padding=&#8221;15px||15px|||&#8221; global_colors_info=&#8221;{}&#8221;][et_pb_column type=&#8221;4_4&#8243; _builder_version=&#8221;4.27.4&#8243; _module_preset=&#8221;default&#8221; global_colors_info=&#8221;{}&#8221;][et_pb_text _builder_version=&#8221;4.27.4&#8243; _module_preset=&#8221;default&#8221; text_font=&#8221;Merriweather Sans|800|||||||&#8221; text_text_color=&#8221;#FFFFFF&#8221; text_font_size=&#8221;66px&#8221; custom_margin=&#8221;127px||||false|false&#8221; custom_margin_tablet=&#8221;127px||||false|false&#8221; custom_margin_phone=&#8221;76px||||false|false&#8221; custom_margin_last_edited=&#8221;on|phone&#8221; text_font_size_tablet=&#8221;66px&#8221; text_font_size_phone=&#8221;48px&#8221; text_font_size_last_edited=&#8221;on|phone&#8221; text_letter_spacing_tablet=&#8221;&#8221; text_letter_spacing_phone=&#8221;0px&#8221; text_letter_spacing_last_edited=&#8221;on|phone&#8221; text_line_height_tablet=&#8221;&#8221; text_line_height_phone=&#8221;1.1em&#8221; text_line_height_last_edited=&#8221;on|phone&#8221; text_text_shadow_style=&#8221;preset1&#8243; global_colors_info=&#8221;{}&#8221;]<\/p>\n<p style=\"text-align: center;\"><b>Bildungsurlaub bei Clic<\/b><\/p>\n<p>[\/et_pb_text][et_pb_text _builder_version=&#8221;4.27.4&#8243; _module_preset=&#8221;default&#8221; text_font=&#8221;Merriweather Sans|500|||||||&#8221; text_text_color=&#8221;#FFFFFF&#8221; text_font_size=&#8221;25px&#8221; text_line_height=&#8221;1.8em&#8221; custom_margin=&#8221;||-46px|||&#8221; text_line_height_tablet=&#8221;1.8em&#8221; text_line_height_phone=&#8221;1.4em&#8221; text_line_height_last_edited=&#8221;on|phone&#8221; text_text_shadow_style=&#8221;preset1&#8243; global_colors_info=&#8221;{}&#8221;]<\/p>\n<p style=\"text-align: center;\">Nutzen Sie Ihren gesetzlichen Anspruch auf Bildungsurlaub und verbessern Sie Ihr Spanisch in Sevilla, C\u00e1diz oder M\u00e1laga &#8211; das ganze Jahr \u00fcber!<\/p>\n<p>&nbsp;<\/p>\n<p>[\/et_pb_text][\/et_pb_column][\/et_pb_row][et_pb_row _builder_version=&#8221;4.27.4&#8243; _module_preset=&#8221;default&#8221; custom_padding=&#8221;53px|||||&#8221; global_colors_info=&#8221;{}&#8221;][et_pb_column type=&#8221;4_4&#8243; _builder_version=&#8221;4.27.4&#8243; _module_preset=&#8221;default&#8221; global_colors_info=&#8221;{}&#8221;][et_pb_button button_url=&#8221;https:\/\/clicih.my.site.com\/#0&#8243; url_new_window=&#8221;on&#8221; button_text=&#8221;Jetzt Bildungsurlaub buchen&#8221; button_alignment=&#8221;center&#8221; _builder_version=&#8221;4.27.4&#8243; _module_preset=&#8221;default&#8221; custom_button=&#8221;on&#8221; button_bg_color=&#8221;#ff54a6&#8243; button_border_radius=&#8221;10px&#8221; button_letter_spacing=&#8221;0px&#8221; button_font=&#8221;Merriweather Sans|500|||||||&#8221; global_colors_info=&#8221;{}&#8221;][\/et_pb_button][\/et_pb_column][\/et_pb_row][\/et_pb_section][et_pb_section fb_built=&#8221;1&#8243; _builder_version=&#8221;4.27.4&#8243; _module_preset=&#8221;default&#8221; min_height=&#8221;66.8px&#8221; custom_padding=&#8221;0px||0px|||&#8221; global_colors_info=&#8221;{}&#8221;][et_pb_row module_id=&#8221;acordeon-flotante&#8221; _builder_version=&#8221;4.27.4&#8243; _module_preset=&#8221;default&#8221; max_width=&#8221;675px&#8221; module_alignment=&#8221;center&#8221; custom_padding=&#8221;54px|||||&#8221; custom_css_free_form=&#8221;||&#8221; global_colors_info=&#8221;{}&#8221;][et_pb_column type=&#8221;4_4&#8243; _builder_version=&#8221;4.27.4&#8243; _module_preset=&#8221;default&#8221; global_colors_info=&#8221;{}&#8221;][et_pb_text _builder_version=&#8221;4.27.4&#8243; _module_preset=&#8221;default&#8221; text_font=&#8221;Merriweather Sans|600|||||||&#8221; text_text_color=&#8221;#E02B20&#8243; text_font_size=&#8221;39px&#8221; global_colors_info=&#8221;{}&#8221;]<\/p>\n<p style=\"text-align: center;\"><span style=\"color: #ff54a6;\">FAQs<\/span><\/p>\n<p>[\/et_pb_text][\/et_pb_column][\/et_pb_row][\/et_pb_section][et_pb_section fb_built=&#8221;1&#8243; _builder_version=&#8221;4.27.4&#8243; _module_preset=&#8221;default&#8221; custom_padding=&#8221;22px||0px|||&#8221; global_colors_info=&#8221;{}&#8221;][et_pb_row _builder_version=&#8221;4.27.4&#8243; _module_preset=&#8221;default&#8221; width=&#8221;36%&#8221; width_tablet=&#8221;36%&#8221; width_phone=&#8221;85%&#8221; width_last_edited=&#8221;on|phone&#8221; module_alignment=&#8221;center&#8221; global_colors_info=&#8221;{}&#8221;][et_pb_column type=&#8221;4_4&#8243; _builder_version=&#8221;4.27.4&#8243; _module_preset=&#8221;default&#8221; global_colors_info=&#8221;{}&#8221;][dsm_faq dsm_open_faq_item=&#8221;on&#8221; dsm_enable_schema_markup=&#8221;on&#8221; dsm_open_font_icon=&#8221;&#x24;||divi||400&#8243; dsm_animate_icon=&#8221;on&#8221; _builder_version=&#8221;4.27.4&#8243; _module_preset=&#8221;default&#8221; header_font=&#8221;Merriweather Sans||||||||&#8221; header_text_align=&#8221;center&#8221; header_font_size=&#8221;18px&#8221; closed_header_font=&#8221;Merriweather Sans||||||||&#8221; closed_header_font_size=&#8221;18px&#8221; content_font=&#8221;Merriweather Sans||||||||&#8221; content_text_align=&#8221;center&#8221; content_line_height=&#8221;1.8em&#8221; hover_enabled=&#8221;0&#8243; border_radii=&#8221;on|8px|8px|8px|8px&#8221; border_radii_dsm_toggle_open_border=&#8221;on|6px|6px|6px|6px&#8221; global_colors_info=&#8221;{}&#8221; sticky_enabled=&#8221;0&#8243;][dsm_faq_child dsm_title=&#8221;Was ist Bildungsurlaub?&#8221; dsm_content=&#8221;<\/p>\n<p style=%22text-align: left;%22>In den deutschen Bundesl\u00e4ndern haben Arbeitnehmer einen Anspruch auf eine<span style=%22color: #000000;%22><strong> bezahlte<\/strong><\/span><br \/><span style=%22color: #000000;%22><strong>Freistellung<\/strong><\/span> von<span style=%22color: #000000;%22><strong> 5 Arbeitstagen pro Jahr.<\/strong><\/span> Diese Freistellung k\u00f6nnen sie zur Weiterbildung in<br \/>daf\u00fcr anerkannten Veranstaltungen nutzen. Unser Spanisch-Hochintensivkurs 30 ist hierzu von<br \/>den Beh\u00f6rden aller bundesdeutschen L\u00e4nder au\u00dfer Bayern, Sachsen und NRW anerkannt.<\/p>\n<p>&#8221; _builder_version=&#8221;4.27.4&#8243; _module_preset=&#8221;default&#8221; header_item_letter_spacing=&#8221;0px&#8221; header_item_line_height=&#8221;3em&#8221; background_color=&#8221;#1c1c1c&#8221; background_enable_color=&#8221;on&#8221; global_colors_info=&#8221;{}&#8221; parentOrderClass=&#8221;dsm_faq_0&#8243;][\/dsm_faq_child][dsm_faq_child dsm_title=&#8221;Ist der Bildungsurlaub bei CLIC ganzj\u00e4hrig m\u00f6glich?&#8221; dsm_content=&#8221;<\/p>\n<p style=%22text-align: justify;%22>Bei uns werden die Kurse <span style=%22color: #000000;%22><strong>das ganze Jahr \u00fcber angeboten,<\/strong><\/span> Kursbeginn ist Montag f\u00fcr alle<br \/>Kenntnisstufen. Die Kursdauer kann 1 oder 2 Wochen betragen \u2013 viele Unternehmen erlauben,<br \/>den Anspruch von 2 Jahren zu verblocken.<\/p>\n<p>&#8221; _builder_version=&#8221;4.27.4&#8243; _module_preset=&#8221;default&#8221; header_item_line_height=&#8221;3em&#8221; header_item_text_align_tablet=&#8221;&#8221; header_item_text_align_phone=&#8221;left&#8221; header_item_text_align_last_edited=&#8221;on|phone&#8221; header_item_line_height_tablet=&#8221;3em&#8221; header_item_line_height_phone=&#8221;2.3em&#8221; header_item_line_height_last_edited=&#8221;on|phone&#8221; global_colors_info=&#8221;{}&#8221; parentOrderClass=&#8221;dsm_faq_0&#8243;][\/dsm_faq_child][dsm_faq_child dsm_title=&#8221;Was sollte man bei der Wahl des Kursdatums beachten?&#8221; dsm_content=&#8221;<\/p>\n<p style=%22text-align: justify;%22>Der Kursbeginn ist in Sevilla jeden Montag f\u00fcr alle Kenntnisstufen. Bitte beachten Sie, dass es<br \/>in C\u00e1diz und M\u00e1laga spezielle Startterminen f\u00fcr Anf\u00e4nger ohne Vorkenntnisse (alle 14 Tage)<br \/>gibt<\/p>\n<p style=%22text-align: justify;%22><a href=%22https:\/\/clicbackup.platty.tech\/es\/lista-de-precios\/%22 data-et-target-link=%22_blank%22 rel=%22noopener%22>Hier<\/a> finden Sie die Starttermine f\u00fcr Anf\u00e4nger ohne Vorkenntnisse und die Feiertage, wenn Sie<br \/>auf \u201cCalendario 2025\u201d klicken.<br \/>Vor der Buchung sollte mit dem Arbeitgeber oder der Personalabteilung gekl\u00e4rt werden, ob<br \/>und wann der Bildungsurlaub genommen werden kann. In der Regel sollte der Bildungsurlaub<br \/>mind. 4-6 Wochen vor Beginn des Kursbeginns beantragt werden.<\/p>\n<p>&#8221; dsm_content_tablet=&#8221;<\/p>\n<p style=%22text-align: left;%22>Bei der Planung des Bildungsurlaubs sollten Termine mit Feiertagen m\u00f6glichst vermieden<br \/>werden, um sicherzustellen, dass der Unterricht vollst\u00e4ndig stattfinden kann und keine<br \/>Stunden entfallen.<\/p>\n<p style=%22text-align: left;%22>Vor der Buchung sollte mit dem Arbeitgeber oder der Personalabteilung gekl\u00e4rt werden, ob<br \/>und wann der Bildungsurlaub genommen werden kann. In der Regel sollte der Bildungsurlaub<br \/>mind. 4-6 Wochen vor Beginn des Kursbeginns beantragt werden.<\/p>\n<p>&#8221; dsm_content_phone=&#8221;<\/p>\n<p style=%22text-align: left;%22>Bei der Planung des Bildungsurlaubs sollten Termine mit Feiertagen m\u00f6glichst vermieden<br \/>werden, um sicherzustellen, dass der Unterricht vollst\u00e4ndig stattfinden kann und keine<br \/>Stunden entfallen.<\/p>\n<p style=%22text-align: left;%22>Vor der Buchung sollte mit dem Arbeitgeber oder der Personalabteilung gekl\u00e4rt werden, ob<br \/>und wann der Bildungsurlaub genommen werden kann. In der Regel sollte der Bildungsurlaub<br \/>mind. 4-6 Wochen vor Beginn des Kursbeginns beantragt werden.<\/p>\n<p>&#8221; dsm_content_last_edited=&#8221;on|phone&#8221; _builder_version=&#8221;4.27.4&#8243; _module_preset=&#8221;default&#8221; header_item_text_align=&#8221;left&#8221; header_item_line_height=&#8221;3em&#8221; header_item_text_align_tablet=&#8221;&#8221; header_item_text_align_phone=&#8221;left&#8221; header_item_text_align_last_edited=&#8221;on|phone&#8221; header_item_line_height_tablet=&#8221;3em&#8221; header_item_line_height_phone=&#8221;1.6em&#8221; header_item_line_height_last_edited=&#8221;on|phone&#8221; global_colors_info=&#8221;{}&#8221; parentOrderClass=&#8221;dsm_faq_0&#8243;][\/dsm_faq_child][dsm_faq_child dsm_title=&#8221;Wie melde ich mich an?&#8221; dsm_content=&#8221;<\/p>\n<p style=%22text-align: left;%22><span style=%22color: #000000;%22><strong>1. Schritt:<\/strong><\/span><br \/>Schicken Sie Ihre Buchungsanfrage \u00fcber das <a href=%22https:\/\/clicih.my.site.com\/#0%22 data-et-target-link=%22_blank%22 rel=%22noopener%22>Online-Formular<\/a> und geben Sie Bildungs-<br \/>urlaub und Ihr Bundesland an. W\u00e4hlen Sie den Spanischkurs BILDUNGSURLAUB. Bei Bedarf<br \/>k\u00f6nnen Sie auch eine Unterkunft hinzuf\u00fcgen.<\/p>\n<p style=%22text-align: left;%22><strong><span style=%22color: #000000;%22>2. Schritt:<\/span><\/strong><br \/>Nach Erhalt Ihrer Anfrage, schickt Clic Ihnen die Buchungsbest\u00e4tigung und<br \/>Anmeldebescheinigung mit der Anerkennungsnummer zur Vorlage beim Arbeitgeber.<br \/><span style=%22color: #000000;%22><strong>Bezahlen brauchen Sie erst, wenn Ihnen die Bewilligung Ihres Arbeitgebers vorliegt.<\/strong><\/span><\/p>\n<p>&#8221; _builder_version=&#8221;4.27.4&#8243; _module_preset=&#8221;default&#8221; header_item_line_height=&#8221;3em&#8221; global_colors_info=&#8221;{}&#8221; parentOrderClass=&#8221;dsm_faq_0&#8243;][\/dsm_faq_child][\/dsm_faq][\/et_pb_column][\/et_pb_row][\/et_pb_section][et_pb_section fb_built=&#8221;1&#8243; _builder_version=&#8221;4.27.4&#8243; _module_preset=&#8221;default&#8221; max_width=&#8221;45%&#8221; max_width_tablet=&#8221;45%&#8221; max_width_phone=&#8221;100%&#8221; max_width_last_edited=&#8221;on|phone&#8221; module_alignment=&#8221;center&#8221; global_colors_info=&#8221;{}&#8221;][et_pb_row _builder_version=&#8221;4.27.4&#8243; _module_preset=&#8221;default&#8221; max_width_tablet=&#8221;&#8221; max_width_phone=&#8221;2560%&#8221; max_width_last_edited=&#8221;on|phone&#8221; module_alignment=&#8221;center&#8221; border_radii=&#8221;on|10px|10px|10px|10px&#8221; border_width_all=&#8221;0.3px&#8221; border_color_all=&#8221;RGBA(255,255,255,0)&#8221; box_shadow_style=&#8221;preset2&#8243; global_colors_info=&#8221;{}&#8221;][et_pb_column type=&#8221;4_4&#8243; _builder_version=&#8221;4.27.4&#8243; _module_preset=&#8221;default&#8221; global_colors_info=&#8221;{}&#8221;][et_pb_text _builder_version=&#8221;4.27.4&#8243; _module_preset=&#8221;default&#8221; text_font=&#8221;Merriweather Sans||||||||&#8221; text_font_size=&#8221;15px&#8221; header_3_font=&#8221;Merriweather Sans||||||||&#8221; header_3_font_size=&#8221;26px&#8221; hover_enabled=&#8221;0&#8243; global_colors_info=&#8221;{}&#8221; sticky_enabled=&#8221;0&#8243;]<\/p>\n<h3 style=\"text-align: center;\">Originale der Anerkennungsbescheide:<\/h3>\n<p style=\"text-align: center;\">Diese k\u00f6nnen Sie <a href=\"https:\/\/drive.google.com\/drive\/folders\/1yLr-dAHFDpVaG5B_TvxNRvJ0C7OipKZi\" target=\"_blank\" rel=\"noopener\">hier <\/a>einsehen.<\/p>\n<p>[\/et_pb_text][\/et_pb_column][\/et_pb_row][\/et_pb_section][et_pb_section fb_built=&#8221;1&#8243; _builder_version=&#8221;4.27.4&#8243; _module_preset=&#8221;default&#8221; max_width=&#8221;45%&#8221; max_width_tablet=&#8221;45%&#8221; max_width_phone=&#8221;100%&#8221; max_width_last_edited=&#8221;on|phone&#8221; module_alignment=&#8221;center&#8221; global_colors_info=&#8221;{}&#8221; custom_padding=&#8221;0px|||||&#8221;][et_pb_row _builder_version=&#8221;4.27.4&#8243; _module_preset=&#8221;default&#8221; max_width_tablet=&#8221;&#8221; max_width_phone=&#8221;2560%&#8221; max_width_last_edited=&#8221;on|phone&#8221; module_alignment=&#8221;center&#8221; border_radii=&#8221;on|10px|10px|10px|10px&#8221; border_width_all=&#8221;0.3px&#8221; border_color_all=&#8221;RGBA(255,255,255,0)&#8221; box_shadow_style=&#8221;preset2&#8243; global_colors_info=&#8221;{}&#8221;][et_pb_column type=&#8221;4_4&#8243; _builder_version=&#8221;4.27.4&#8243; _module_preset=&#8221;default&#8221; global_colors_info=&#8221;{}&#8221;][et_pb_text _builder_version=&#8221;4.27.4&#8243; _module_preset=&#8221;default&#8221; text_font=&#8221;Merriweather Sans||||||||&#8221; text_font_size=&#8221;15px&#8221; header_3_font=&#8221;Merriweather Sans||||||||&#8221; header_3_font_size=&#8221;26px&#8221; hover_enabled=&#8221;0&#8243; global_colors_info=&#8221;{}&#8221; sticky_enabled=&#8221;0&#8243;]<\/p>\n<h3 style=\"text-align: center;\">Haben Sie noch Fragen?<\/h3>\n<p style=\"text-align: center;\">F\u00fcr weitere Ausk\u00fcnfte schreiben Sie uns bitte an <a href=\"https:\/\/mail.google.com\/mail\/?view=cm&amp;to=bildungsurlaub@clic.es \">bildungsurlaub@clic.es<\/a>.<\/p>\n<p style=\"text-align: center;\">Wir freuen uns, Ihnen bei Ihrem Bildungsurlaub behilflich zu sein und Sie bei uns zu begr\u00fc\u00dfen!<\/p>\n<p>[\/et_pb_text][\/et_pb_column][\/et_pb_row][\/et_pb_section]<\/p>\n","protected":false},"excerpt":{"rendered":"<p>Bildungsurlaub bei ClicNutzen Sie Ihren gesetzlichen Anspruch auf Bildungsurlaub und verbessern Sie Ihr Spanisch in Sevilla, C\u00e1diz oder M\u00e1laga &#8211; das ganze Jahr \u00fcber! &nbsp;FAQs<\/p>\n<div class=\"et_pb_module dsm_faq dsm_faq_0\">\n<div class=\"et_pb_module_inner\">\n<div class=\"dsm-faq-container dsm-front\" data-accordion=\"off\" data-open_first_item=\"on\"><\/div>\n<\/p><\/div>\n<\/p><\/div>\n<div class=\"dsm_faq_child_0 dsm-faq-item-wrapper\">\n<div class=\"dsm-title-wrapper\">\n<div class=\"dsm-title-inner-wrapper\">\n<div class=\"dsm_open_icon\"><span>$<\/span><\/div>\n<div class=\"dsm_close_icon\"><span>L<\/span><\/div>\n<h5 class=\"dsm-faq-title\">Was ist Bildungsurlaub?<\/h5>\n<\/p><\/div>\n<div class=\"dsm-faq-item-inner-wrapper\"><\/div>\n<\/p><\/div>\n<div class=\"dsm-faq-content\">In den deutschen Bundesl\u00e4ndern haben Arbeitnehmer einen Anspruch auf eine bezahlteFreistellung von 5 Arbeitstagen pro Jahr. Diese Freistellung k\u00f6nnen sie zur Weiterbildung indaf\u00fcr anerkannten Veranstaltungen nutzen. Unser Spanisch-Hochintensivkurs 30 ist hierzu vonden Beh\u00f6rden aller bundesdeutschen L\u00e4nder au\u00dfer Bayern, Sachsen und NRW anerkannt.<\/div>\n<\/p><\/div>\n<div class=\"dsm_faq_child_1 dsm-faq-item-wrapper\">\n<div class=\"dsm-title-wrapper\">\n<div class=\"dsm-title-inner-wrapper\">\n<div class=\"dsm_open_icon\"><span>$<\/span><\/div>\n<div class=\"dsm_close_icon\"><span>L<\/span><\/div>\n<h5 class=\"dsm-faq-title\">Ist der Bildungsurlaub bei CLIC ganzj\u00e4hrig m\u00f6glich?<\/h5>\n<\/p><\/div>\n<div class=\"dsm-faq-item-inner-wrapper\"><\/div>\n<\/p><\/div>\n<div class=\"dsm-faq-content\">Bei uns werden die Kurse das ganze Jahr \u00fcber angeboten, Kursbeginn ist Montag f\u00fcr alleKenntnisstufen. Die Kursdauer kann 1 oder 2 Wochen betragen \u2013 viele Unternehmen erlauben,den Anspruch von 2 Jahren zu verblocken.<\/div>\n<\/p><\/div>\n<div class=\"dsm_faq_child_2 dsm-faq-item-wrapper\">\n<div class=\"dsm-title-wrapper\">\n<div class=\"dsm-title-inner-wrapper\">\n<div class=\"dsm_open_icon\"><span>$<\/span><\/div>\n<div class=\"dsm_close_icon\"><span>L<\/span><\/div>\n<h5 class=\"dsm-faq-title\">&#8221;Was<\/h5>\n<\/p><\/div>\n<div class=\"dsm-faq-item-inner-wrapper\"><\/div>\n<\/p><\/div>\n<div class=\"dsm-faq-content\">&#8221;Der<\/div>\n<\/p><\/div><\/p>\n","protected":false},"author":73,"featured_media":0,"parent":0,"menu_order":0,"comment_status":"closed","ping_status":"closed","template":"","meta":{"_acf_changed":false,"_et_pb_use_builder":"on","_et_pb_old_content":"","_et_gb_content_width":"","footnotes":""},"class_list":["post-164312","page","type-page","status-publish","hentry"],"acf":[],"_links":{"self":[{"href":"https:\/\/clicbackup.platty.tech\/de\/wp-json\/wp\/v2\/pages\/164312","targetHints":{"allow":["GET"]}}],"collection":[{"href":"https:\/\/clicbackup.platty.tech\/de\/wp-json\/wp\/v2\/pages"}],"about":[{"href":"https:\/\/clicbackup.platty.tech\/de\/wp-json\/wp\/v2\/types\/page"}],"author":[{"embeddable":true,"href":"https:\/\/clicbackup.platty.tech\/de\/wp-json\/wp\/v2\/users\/73"}],"replies":[{"embeddable":true,"href":"https:\/\/clicbackup.platty.tech\/de\/wp-json\/wp\/v2\/comments?post=164312"}],"version-history":[{"count":0,"href":"https:\/\/clicbackup.platty.tech\/de\/wp-json\/wp\/v2\/pages\/164312\/revisions"}],"wp:attachment":[{"href":"https:\/\/clicbackup.platty.tech\/de\/wp-json\/wp\/v2\/media?parent=164312"}],"curies":[{"name":"wp","href":"https:\/\/api.w.org\/{rel}","templated":true}]}}