{"id":41110,"date":"2019-11-19T14:01:52","date_gmt":"2019-11-19T13:01:52","guid":{"rendered":"https:\/\/clicbackup.platty.tech\/book-now-cadiz-efg\/"},"modified":"2021-05-13T14:56:00","modified_gmt":"2021-05-13T12:56:00","slug":"buchungs-efg","status":"publish","type":"page","link":"https:\/\/clicbackup.platty.tech\/de\/cadiz\/kurse\/buchungs-efg\/","title":{"rendered":"Buchen Sie jetzt Cadiz EFG"},"content":{"rendered":"<p>[et_pb_section bb_built=&#8221;1&#8243; specialty=&#8221;off&#8221; next_background_color=&#8221;#ffffff&#8221; _builder_version=&#8221;3.19.16&#8243; background_position=&#8221;top_center&#8221; module_id=&#8221;seville-template-banner&#8221; custom_padding=&#8221;70px||70px|&#8221; background_color=&#8221;#ff8b00&#8243;][et_pb_row][et_pb_column type=&#8221;4_4&#8243;][\/et_pb_column][\/et_pb_row][\/et_pb_section][et_pb_section bb_built=&#8221;1&#8243; specialty=&#8221;off&#8221; prev_background_color=&#8221;#ff8b00&#8243; _builder_version=&#8221;3.19.16&#8243; custom_margin=&#8221;0px|||&#8221; custom_padding=&#8221;0px|||&#8221;][et_pb_row _builder_version=&#8221;3.19.16&#8243; background_repeat_1=&#8221;no-repeat&#8221; padding_top_1=&#8221;30px&#8221; padding_right_1=&#8221;30px&#8221; padding_bottom_1=&#8221;30px&#8221; padding_left_1=&#8221;30px&#8221; background_color_1=&#8221;#ffffff&#8221; module_id=&#8221;book-now-template&#8221;][et_pb_column type=&#8221;4_4&#8243;][et_pb_text _builder_version=&#8221;3.19.16&#8243; text_font=&#8221;Roboto||||||||&#8221; text_font_size=&#8221;16px&#8221; text_line_height=&#8221;1.5em&#8221; text_orientation=&#8221;center&#8221; header_font=&#8221;Roboto|700|||||||&#8221; header_text_align=&#8221;center&#8221; header_text_color=&#8221;#ec2f88&#8243; header_font_size=&#8221;37px&#8221; background_color=&#8221;#ffffff&#8221;]<\/p>\n<h1>Buchen Sie jetzt einen Englisch-, Franz\u00f6sisch- und Deutschkurs in Cadiz<\/h1>\n<p>[\/et_pb_text][\/et_pb_column][\/et_pb_row][et_pb_row _builder_version=&#8221;3.19.16&#8243; padding_right_1=&#8221;30px&#8221; padding_bottom_1=&#8221;30px&#8221; padding_left_1=&#8221;30px&#8221;][et_pb_column type=&#8221;4_4&#8243;][et_pb_text _builder_version=&#8221;3.19.16&#8243; text_font=&#8221;Roboto||||||||&#8221; text_font_size=&#8221;16px&#8221; text_line_height=&#8221;1.5em&#8221;]<\/p>\n<p><iframe src=\"https:\/\/app.acuityscheduling.com\/schedule.php?owner=12088328&#038;owner=12088328&#038;appointmentType=3495073\" width=\"100%\" height=\"800\" frameBorder=\"0\"><\/iframe><\/p>\n<p>[\/et_pb_text][et_pb_text _builder_version=&#8221;3.19.16&#8243; text_text_color=&#8221;#000000&#8243;]<\/p>\n<p><strong> Verantwortliche Partei: <\/strong> CLIC C\u00e1diz SL <br \/><strong> Ziel: <\/strong> Sprachunterricht und damit verbundene Dienstleistungen <br \/><strong> Grund: <\/strong> Vertragsabschluss, Einverst\u00e4ndniserkl\u00e4rung <br \/><strong> Adressat: <\/strong> CLIC International House <br \/><strong> Rechte: <\/strong> Zugriff auf, Berichtigung und L\u00f6schung von Daten sowie sonstige Rechte, wie im Abschnitt Zus\u00e4tzliche Informationen erl\u00e4utert.<br \/><strong> Zus\u00e4tzliche Informationen: <\/strong> Weitere detaillierte Informationen zum Datenschutz finden Sie unter folgendem <a href=\"https:\/\/clicbackup.platty.tech\/data-processing\/\" target=\"_blank\" rel=\"noopener noreferrer\">Link.<\/a><\/p>\n<p>[\/et_pb_text][\/et_pb_column][\/et_pb_row][\/et_pb_section]<\/p>\n","protected":false},"excerpt":{"rendered":"<div class=\"et_pb_row et_pb_row_0 et_pb_row_empty\"><\/div>\n<p> Buchen Sie jetzt einen Englisch-, Franz\u00f6sisch- und Deutschkurs in Cadiz Verantwortliche Partei: CLIC C\u00e1diz SL Ziel: Sprachunterricht und damit verbundene Dienstleistungen Grund: Vertragsabschluss, Einverst\u00e4ndniserkl\u00e4rung Adressat: CLIC International House Rechte: Zugriff auf, Berichtigung und L\u00f6schung von Daten sowie sonstige Rechte, wie im Abschnitt Zus\u00e4tzliche Informationen erl\u00e4utert. Zus\u00e4tzliche Informationen: Weitere detaillierte Informationen zum Datenschutz finden Sie unter folgendem Link.<\/p>\n","protected":false},"author":62,"featured_media":0,"parent":39795,"menu_order":0,"comment_status":"closed","ping_status":"closed","template":"","meta":{"_acf_changed":false,"_et_pb_use_builder":"on","_et_pb_old_content":"","_et_gb_content_width":"","footnotes":""},"class_list":["post-41110","page","type-page","status-publish","hentry"],"acf":[],"_links":{"self":[{"href":"https:\/\/clicbackup.platty.tech\/de\/wp-json\/wp\/v2\/pages\/41110","targetHints":{"allow":["GET"]}}],"collection":[{"href":"https:\/\/clicbackup.platty.tech\/de\/wp-json\/wp\/v2\/pages"}],"about":[{"href":"https:\/\/clicbackup.platty.tech\/de\/wp-json\/wp\/v2\/types\/page"}],"author":[{"embeddable":true,"href":"https:\/\/clicbackup.platty.tech\/de\/wp-json\/wp\/v2\/users\/62"}],"replies":[{"embeddable":true,"href":"https:\/\/clicbackup.platty.tech\/de\/wp-json\/wp\/v2\/comments?post=41110"}],"version-history":[{"count":0,"href":"https:\/\/clicbackup.platty.tech\/de\/wp-json\/wp\/v2\/pages\/41110\/revisions"}],"up":[{"embeddable":true,"href":"https:\/\/clicbackup.platty.tech\/de\/wp-json\/wp\/v2\/pages\/39795"}],"wp:attachment":[{"href":"https:\/\/clicbackup.platty.tech\/de\/wp-json\/wp\/v2\/media?parent=41110"}],"curies":[{"name":"wp","href":"https:\/\/api.w.org\/{rel}","templated":true}]}}