{"id":38205,"date":"2019-11-07T10:23:37","date_gmt":"2019-11-07T09:23:37","guid":{"rendered":"https:\/\/clicbackup.platty.tech\/cadiz\/accommodation-in-cadiz\/"},"modified":"2023-06-26T12:55:15","modified_gmt":"2023-06-26T10:55:15","slug":"alojamiento","status":"publish","type":"page","link":"https:\/\/clicbackup.platty.tech\/es\/cadiz\/alojamiento\/","title":{"rendered":"Alojamientos en C\u00e1diz"},"content":{"rendered":"<p>[et_pb_section fb_built=&#8221;1&#8243; module_id=&#8221;acm-template-banner&#8221; _builder_version=&#8221;4.16&#8243; background_image=&#8221;https:\/\/clicbackup.platty.tech\/wp-content\/uploads\/2019\/03\/banner_1-4.png&#8221; background_position=&#8221;top_center&#8221; custom_margin=&#8221;0px|||&#8221; custom_padding=&#8221;0px|||&#8221; global_colors_info=&#8221;{}&#8221;][et_pb_row _builder_version=&#8221;4.19.4&#8243; vertical_offset_tablet=&#8221;0&#8243; horizontal_offset_tablet=&#8221;0&#8243; custom_padding=&#8221;0px|||&#8221; z_index_tablet=&#8221;0&#8243; box_shadow_horizontal_tablet=&#8221;0px&#8221; box_shadow_vertical_tablet=&#8221;0px&#8221; box_shadow_blur_tablet=&#8221;40px&#8221; box_shadow_spread_tablet=&#8221;0px&#8221; global_colors_info=&#8221;{}&#8221; column_structure=&#8221;1_2,1_2&#8243;][et_pb_column type=&#8221;1_2&#8243; _builder_version=&#8221;4.16&#8243; background_image=&#8221;https:\/\/clicbackup.platty.tech\/wp-content\/uploads\/2019\/03\/banner_text_bg-2.png&#8221; custom_padding=&#8221;20px|20px|20px|20px&#8221; global_colors_info=&#8221;{}&#8221; custom_padding__hover=&#8221;|||&#8221;][et_pb_text _builder_version=&#8221;4.16&#8243; text_font=&#8221;Roboto||||||||&#8221; text_font_size=&#8221;16px&#8221; text_line_height=&#8221;1.5em&#8221; header_font=&#8221;Roboto|700|||||||&#8221; header_text_color=&#8221;#ffffff&#8221; header_font_size=&#8221;37px&#8221; header_3_font=&#8221;Roboto|500|||||||&#8221; header_3_text_color=&#8221;#ffffff&#8221; header_3_font_size=&#8221;25px&#8221; background_layout=&#8221;dark&#8221; custom_padding_tablet=&#8221;|30px||30px&#8221; custom_padding_phone=&#8221;&#8221; custom_padding_last_edited=&#8221;on|tablet&#8221; header_font_size_tablet=&#8221;&#8221; header_font_size_phone=&#8221;&#8221; header_font_size_last_edited=&#8221;on|phone&#8221; header_3_font_size_tablet=&#8221;&#8221; header_3_font_size_phone=&#8221;&#8221; header_3_font_size_last_edited=&#8221;on|phone&#8221; global_colors_info=&#8221;{}&#8221;]<\/p>\n<h1>Alojamiento<\/h1>\n<p>Encuentra el lugar perfecto para tu estancia<\/p>\n<p>[\/et_pb_text][\/et_pb_column][et_pb_column type=&#8221;1_2&#8243; _builder_version=&#8221;3.0.47&#8243; background_pattern_horizontal_offset=&#8221;0px&#8221; background_pattern_vertical_offset=&#8221;0px&#8221; vertical_offset_tablet=&#8221;0&#8243; vertical_offset_phone=&#8221;0&#8243; horizontal_offset_tablet=&#8221;0&#8243; horizontal_offset_phone=&#8221;0&#8243; custom_padding=&#8221;|||&#8221; custom_padding_tablet=&#8221;|||&#8221; custom_padding_phone=&#8221;|||&#8221; background_color_gradient_direction_tablet=&#8221;180deg&#8221; background_color_gradient_direction_phone=&#8221;180deg&#8221; background_color_gradient_stops_tablet=&#8221;#2b87da 0%|#29c4a9 100%&#8221; background_color_gradient_stops_phone=&#8221;#2b87da 0%|#29c4a9 100%&#8221; background_image_width_tablet=&#8221;auto&#8221; background_image_width_phone=&#8221;auto&#8221; background_image_height_tablet=&#8221;auto&#8221; background_image_height_phone=&#8221;auto&#8221; background_horizontal_offset_tablet=&#8221;0px&#8221; background_horizontal_offset_phone=&#8221;0px&#8221; background_vertical_offset_tablet=&#8221;0px&#8221; background_vertical_offset_phone=&#8221;0px&#8221; background_pattern_style_tablet=&#8221;polka-dots&#8221; background_pattern_style_phone=&#8221;polka-dots&#8221; background_pattern_width_tablet=&#8221;auto&#8221; background_pattern_width_phone=&#8221;auto&#8221; background_pattern_height_tablet=&#8221;auto&#8221; background_pattern_height_phone=&#8221;auto&#8221; background_pattern_horizontal_offset_tablet=&#8221;0px&#8221; background_pattern_horizontal_offset_phone=&#8221;0px&#8221; background_pattern_vertical_offset_tablet=&#8221;0px&#8221; background_pattern_vertical_offset_phone=&#8221;0px&#8221; background_mask_style_tablet=&#8221;layer-blob&#8221; background_mask_style_phone=&#8221;layer-blob&#8221; background_mask_width_tablet=&#8221;auto&#8221; background_mask_width_phone=&#8221;auto&#8221; background_mask_height_tablet=&#8221;auto&#8221; background_mask_height_phone=&#8221;auto&#8221; background_mask_horizontal_offset_tablet=&#8221;0px&#8221; background_mask_horizontal_offset_phone=&#8221;0px&#8221; background_mask_vertical_offset_tablet=&#8221;0px&#8221; background_mask_vertical_offset_phone=&#8221;0px&#8221; z_index_tablet=&#8221;2&#8243; z_index_phone=&#8221;2&#8243; filter_hue_rotate_tablet=&#8221;0deg&#8221; filter_hue_rotate_phone=&#8221;0deg&#8221; filter_saturate_tablet=&#8221;100%&#8221; filter_saturate_phone=&#8221;100%&#8221; filter_brightness_tablet=&#8221;100%&#8221; filter_brightness_phone=&#8221;100%&#8221; filter_contrast_tablet=&#8221;100%&#8221; filter_contrast_phone=&#8221;100%&#8221; filter_invert_tablet=&#8221;0%&#8221; filter_invert_phone=&#8221;0%&#8221; filter_sepia_tablet=&#8221;0%&#8221; filter_sepia_phone=&#8221;0%&#8221; filter_opacity_tablet=&#8221;100%&#8221; filter_opacity_phone=&#8221;100%&#8221; filter_blur_tablet=&#8221;0px&#8221; filter_blur_phone=&#8221;0px&#8221; animation_duration_tablet=&#8221;1000ms&#8221; animation_duration_phone=&#8221;1000ms&#8221; animation_delay_tablet=&#8221;0ms&#8221; animation_delay_phone=&#8221;0ms&#8221; animation_intensity_slide_tablet=&#8221;50%&#8221; animation_intensity_slide_phone=&#8221;50%&#8221; animation_intensity_zoom_tablet=&#8221;50%&#8221; animation_intensity_zoom_phone=&#8221;50%&#8221; animation_intensity_flip_tablet=&#8221;50%&#8221; animation_intensity_flip_phone=&#8221;50%&#8221; animation_intensity_fold_tablet=&#8221;50%&#8221; animation_intensity_fold_phone=&#8221;50%&#8221; animation_intensity_roll_tablet=&#8221;50%&#8221; animation_intensity_roll_phone=&#8221;50%&#8221; animation_starting_opacity_tablet=&#8221;0%&#8221; animation_starting_opacity_phone=&#8221;0%&#8221; hover_transition_duration_tablet=&#8221;300ms&#8221; hover_transition_duration_phone=&#8221;300ms&#8221; hover_transition_delay_tablet=&#8221;0ms&#8221; hover_transition_delay_phone=&#8221;0ms&#8221; box_shadow_horizontal_tablet=&#8221;0px&#8221; box_shadow_horizontal_phone=&#8221;0px&#8221; box_shadow_vertical_tablet=&#8221;0px&#8221; box_shadow_vertical_phone=&#8221;0px&#8221; box_shadow_blur_tablet=&#8221;40px&#8221; box_shadow_blur_phone=&#8221;40px&#8221; box_shadow_spread_tablet=&#8221;0px&#8221; box_shadow_spread_phone=&#8221;0px&#8221; disabled=&#8221;%91object HTMLInputElement%93&#8243; global_colors_info=&#8221;{}&#8221; custom_padding__hover=&#8221;|||&#8221;][\/et_pb_column][\/et_pb_row][\/et_pb_section][et_pb_section fb_built=&#8221;1&#8243; module_id=&#8221;accomodation_heading&#8221; _builder_version=&#8221;4.16&#8243; global_colors_info=&#8221;{}&#8221;][et_pb_row _builder_version=&#8221;4.16&#8243; global_colors_info=&#8221;{}&#8221;][et_pb_column type=&#8221;4_4&#8243; _builder_version=&#8221;4.16&#8243; custom_padding=&#8221;|||30px&#8221; global_colors_info=&#8221;{}&#8221; custom_padding__hover=&#8221;|||&#8221;][et_pb_text _builder_version=&#8221;4.16&#8243; text_font=&#8221;Roboto||||||||&#8221; text_font_size=&#8221;16px&#8221; text_line_height=&#8221;1.5em&#8221; header_2_font=&#8221;Roboto|500|||||||&#8221; header_2_font_size=&#8221;30px&#8221; header_4_font=&#8221;Roboto|500|||||||&#8221; header_4_text_color=&#8221;#000000&#8243; header_4_font_size=&#8221;20px&#8221; global_colors_info=&#8221;{}&#8221;]<\/p>\n<h2>Consulta las opciones:<\/h2>\n<h4>Sin tarifa de reserva.<\/h4>\n<p>Entrada: Domingo a las 16:00<\/p>\n<p>Salida: S\u00e1bado a las 12:00<\/p>\n<p>[\/et_pb_text][\/et_pb_column][\/et_pb_row][\/et_pb_section][et_pb_section fb_built=&#8221;1&#8243; module_id=&#8221;spanish_courses_&#8221; module_class=&#8221;acc_booking&#8221; _builder_version=&#8221;4.16&#8243; custom_padding=&#8221;|30px||30px&#8221; global_colors_info=&#8221;{}&#8221;][et_pb_row module_id=&#8221;acoMmodation&#8221; _builder_version=&#8221;4.16&#8243; custom_padding=&#8221;0px||0px|&#8221; global_colors_info=&#8221;{}&#8221; column_structure=&#8221;1_3,1_3,1_3&#8243;][et_pb_column type=&#8221;1_3&#8243; _builder_version=&#8221;4.16&#8243; custom_padding=&#8221;|||&#8221; global_colors_info=&#8221;{}&#8221; custom_padding__hover=&#8221;|||&#8221;][et_pb_image src=&#8221;https:\/\/clicbackup.platty.tech\/wp-content\/uploads\/2019\/10\/g22.png&#8221; align=&#8221;center&#8221; force_fullwidth=&#8221;on&#8221; align_tablet=&#8221;center&#8221; align_phone=&#8221;&#8221; align_last_edited=&#8221;on|desktop&#8221; admin_label=&#8221;Learn Spanish in Seville&#8221; _builder_version=&#8221;4.19.5&#8243; custom_margin=&#8221;||0px|&#8221; global_colors_info=&#8221;{}&#8221;][\/et_pb_image][et_pb_text module_id=&#8221;accommodation_bottom&#8221; _builder_version=&#8221;4.16&#8243; text_font=&#8221;Roboto||||||||&#8221; text_font_size=&#8221;16px&#8221; text_line_height=&#8221;1.5em&#8221; header_2_font=&#8221;|700|||||||&#8221; header_2_text_color=&#8221;#ffffff&#8221; custom_margin_tablet=&#8221;&#8221; custom_margin_phone=&#8221;&#8221; custom_margin_last_edited=&#8221;on|desktop&#8221; custom_padding=&#8221;|0px||0px&#8221; custom_padding_tablet=&#8221;&#8221; custom_padding_phone=&#8221;&#8221; custom_padding_last_edited=&#8221;on|desktop&#8221; text_font_size_tablet=&#8221;14px&#8221; text_font_size_phone=&#8221;&#8221; text_font_size_last_edited=&#8221;on|phone&#8221; text_line_height_tablet=&#8221;&#8221; text_line_height_phone=&#8221;&#8221; text_line_height_last_edited=&#8221;on|desktop&#8221; header_2_font_size_tablet=&#8221;16px&#8221; header_2_font_size_phone=&#8221;22px&#8221; header_2_font_size_last_edited=&#8221;on|tablet&#8221; global_colors_info=&#8221;{}&#8221;]<\/p>\n<div class=\"title_int_org\">\n<h2>Familia anfitriona<\/h2>\n<p>Conviertete en parte de una verdadera familia espa\u00f1ola y consigue la experiencia aut\u00e9ntica que estabas buscando.<\/p>\n<\/div>\n<div class=\"bg_int_org\">\n<a id='button_see_courecs_' href='https:\/\/clicbackup.platty.tech\/es\/cadiz\/alojamiento\/familia' class='small-button smallblue'>Lee m\u00e1s<\/a>\n<\/div>\n<p>[\/et_pb_text][\/et_pb_column][et_pb_column type=&#8221;1_3&#8243; _builder_version=&#8221;4.16&#8243; custom_padding=&#8221;|||&#8221; global_colors_info=&#8221;{}&#8221; custom_padding__hover=&#8221;|||&#8221;][et_pb_image src=&#8221;https:\/\/clicbackup.platty.tech\/wp-content\/uploads\/2019\/10\/g24.png&#8221; align=&#8221;center&#8221; force_fullwidth=&#8221;on&#8221; align_tablet=&#8221;center&#8221; align_phone=&#8221;&#8221; align_last_edited=&#8221;on|desktop&#8221; admin_label=&#8221;Learn Spanish in Cadiz&#8221; _builder_version=&#8221;4.16&#8243; custom_margin=&#8221;||0px|&#8221; global_colors_info=&#8221;{}&#8221;][\/et_pb_image][et_pb_text module_id=&#8221;accommodation_bottom&#8221; _builder_version=&#8221;4.16&#8243; text_font=&#8221;Roboto||||||||&#8221; text_font_size=&#8221;16px&#8221; text_line_height=&#8221;1.5em&#8221; header_2_font=&#8221;|700|||||||&#8221; header_2_text_color=&#8221;#ffffff&#8221; custom_margin_tablet=&#8221;&#8221; custom_margin_phone=&#8221;&#8221; custom_margin_last_edited=&#8221;on|desktop&#8221; custom_padding_tablet=&#8221;&#8221; custom_padding_phone=&#8221;&#8221; custom_padding_last_edited=&#8221;on|phone&#8221; text_font_size_tablet=&#8221;14px&#8221; text_font_size_phone=&#8221;&#8221; text_font_size_last_edited=&#8221;on|phone&#8221; text_line_height_tablet=&#8221;&#8221; text_line_height_phone=&#8221;&#8221; text_line_height_last_edited=&#8221;on|desktop&#8221; header_2_font_size_tablet=&#8221;16px&#8221; header_2_font_size_phone=&#8221;22px&#8221; header_2_font_size_last_edited=&#8221;on|tablet&#8221; global_colors_info=&#8221;{}&#8221;]<\/p>\n<div class=\"title_int_org_light\">\n<h2>Pisos compartidos<\/h2>\n<p>Disfruta de tu independencia mientras vives en un ambiente sociable junto a otros estudiantes espa\u00f1oles o internacionales.<\/p>\n<\/div>\n<div class=\"bg_int_org_light\">\n<a id='button_see_courecs_' href='https:\/\/clicbackup.platty.tech\/es\/cadiz\/alojamiento\/piso-compartido' class='small-button smallblue'>Lee m\u00e1s<\/a>\n<\/div>\n<p>[\/et_pb_text][\/et_pb_column][et_pb_column type=&#8221;1_3&#8243; _builder_version=&#8221;4.16&#8243; custom_padding=&#8221;|||&#8221; global_colors_info=&#8221;{}&#8221; custom_padding__hover=&#8221;|||&#8221;][et_pb_image src=&#8221;https:\/\/clicbackup.platty.tech\/wp-content\/uploads\/2019\/10\/g21-1.png&#8221; align=&#8221;center&#8221; force_fullwidth=&#8221;on&#8221; align_tablet=&#8221;center&#8221; align_phone=&#8221;&#8221; align_last_edited=&#8221;on|desktop&#8221; admin_label=&#8221;Learn Spanish in Malaga&#8221; _builder_version=&#8221;4.16&#8243; custom_margin=&#8221;||0px|&#8221; global_colors_info=&#8221;{}&#8221;][\/et_pb_image][et_pb_text module_id=&#8221;accommodation_bottom&#8221; _builder_version=&#8221;4.16&#8243; text_font=&#8221;Roboto||||||||&#8221; text_font_size=&#8221;16px&#8221; text_line_height=&#8221;1.5em&#8221; header_2_font=&#8221;|700|||||||&#8221; header_2_text_color=&#8221;#ffffff&#8221; custom_margin_tablet=&#8221;&#8221; custom_margin_phone=&#8221;&#8221; custom_margin_last_edited=&#8221;on|desktop&#8221; custom_padding_tablet=&#8221;&#8221; custom_padding_phone=&#8221;&#8221; custom_padding_last_edited=&#8221;on|desktop&#8221; text_font_size_tablet=&#8221;14px&#8221; text_font_size_phone=&#8221;&#8221; text_font_size_last_edited=&#8221;on|desktop&#8221; text_line_height_tablet=&#8221;&#8221; text_line_height_phone=&#8221;&#8221; text_line_height_last_edited=&#8221;on|phone&#8221; header_2_font_size_tablet=&#8221;16px&#8221; header_2_font_size_phone=&#8221;22px&#8221; header_2_font_size_last_edited=&#8221;on|tablet&#8221; global_colors_info=&#8221;{}&#8221;]<\/p>\n<div class=\"title_int_org_dark\">\n<h2>Residencia<\/h2>\n<p>Haz un mont\u00f3n de amigos de diferentes nacionalidades y ll\u00e9vate unos recuerdos inolvidables mientras vives en<\/p>\n<\/div>\n<div class=\"bg_int_org_dark\">\n<a id='button_see_courecs_' href='https:\/\/clicbackup.platty.tech\/es\/cadiz\/alojamiento\/residencia' class='small-button smallblue'>Lee m\u00e1s<\/a>\n<\/div>\n<p>[\/et_pb_text][\/et_pb_column][\/et_pb_row][et_pb_row module_id=&#8221;acm_accomodation&#8221; module_class=&#8221;acm_accomodation&#8221; _builder_version=&#8221;4.16&#8243; custom_margin=&#8221;68px|||&#8221; custom_padding=&#8221;0px||0px|&#8221; global_colors_info=&#8221;{}&#8221; column_structure=&#8221;1_3,1_3,1_3&#8243;][et_pb_column type=&#8221;1_3&#8243; _builder_version=&#8221;4.16&#8243; custom_padding=&#8221;|||&#8221; global_colors_info=&#8221;{}&#8221; custom_padding__hover=&#8221;|||&#8221;][et_pb_image src=&#8221;https:\/\/clicbackup.platty.tech\/wp-content\/uploads\/2019\/10\/g23.png&#8221; align=&#8221;center&#8221; force_fullwidth=&#8221;on&#8221; align_tablet=&#8221;center&#8221; align_phone=&#8221;&#8221; align_last_edited=&#8221;on|desktop&#8221; admin_label=&#8221;Learn Spanish in Seville&#8221; _builder_version=&#8221;4.16&#8243; custom_margin=&#8221;0px||0px|&#8221; custom_padding=&#8221;0px|||&#8221; global_colors_info=&#8221;{}&#8221;][\/et_pb_image][et_pb_text module_id=&#8221;accommodation_bottom&#8221; _builder_version=&#8221;4.16&#8243; text_font=&#8221;Roboto||||||||&#8221; text_font_size=&#8221;16px&#8221; text_line_height=&#8221;1.5em&#8221; header_2_font=&#8221;|700|||||||&#8221; header_2_text_color=&#8221;#ffffff&#8221; custom_margin_tablet=&#8221;&#8221; custom_margin_phone=&#8221;&#8221; custom_margin_last_edited=&#8221;on|phone&#8221; custom_padding=&#8221;|0px||0px&#8221; custom_padding_tablet=&#8221;&#8221; custom_padding_phone=&#8221;&#8221; custom_padding_last_edited=&#8221;on|tablet&#8221; text_font_size_tablet=&#8221;14px&#8221; text_font_size_phone=&#8221;&#8221; text_font_size_last_edited=&#8221;on|phone&#8221; text_line_height_tablet=&#8221;&#8221; text_line_height_phone=&#8221;&#8221; text_line_height_last_edited=&#8221;on|desktop&#8221; header_2_font_size_tablet=&#8221;16px&#8221; header_2_font_size_phone=&#8221;22px&#8221; header_2_font_size_last_edited=&#8221;on|tablet&#8221; global_colors_info=&#8221;{}&#8221;]<\/p>\n<div class=\"title_int_org_light\">\n<h2>Apartamentos<\/h2>\n<p>Al\u00f3jate en uno de nuestros preciosos apartamentos, totalmente equipados. Disfruta al mismo tiempo de la independencia<\/p>\n<\/div>\n<div class=\"bg_int_org_light\">\n<a id='button_see_courecs_' href='https:\/\/clicbackup.platty.tech\/es\/cadiz\/alojamiento\/apartamentos' class='small-button smallblue'>Lee m\u00e1s<\/a>\n<\/div>\n<p>[\/et_pb_text][\/et_pb_column][et_pb_column type=&#8221;1_3&#8243; _builder_version=&#8221;4.16&#8243; custom_padding=&#8221;|||&#8221; global_colors_info=&#8221;{}&#8221; custom_padding__hover=&#8221;|||&#8221;][\/et_pb_column][et_pb_column type=&#8221;1_3&#8243; _builder_version=&#8221;4.16&#8243; custom_padding=&#8221;|||&#8221; global_colors_info=&#8221;{}&#8221; custom_padding__hover=&#8221;|||&#8221;][\/et_pb_column][\/et_pb_row][\/et_pb_section][et_pb_section fb_built=&#8221;1&#8243; module_id=&#8221;accomodation_heading&#8221; _builder_version=&#8221;4.16&#8243; custom_padding=&#8221;0px|||&#8221; global_colors_info=&#8221;{}&#8221;][et_pb_row _builder_version=&#8221;4.16&#8243; global_colors_info=&#8221;{}&#8221;][et_pb_column type=&#8221;4_4&#8243; _builder_version=&#8221;4.16&#8243; custom_padding=&#8221;|||30px&#8221; global_colors_info=&#8221;{}&#8221; custom_padding__hover=&#8221;|||&#8221;][et_pb_text module_id=&#8221;family_service&#8221; _builder_version=&#8221;4.19.5&#8243; text_font=&#8221;Roboto||||||||&#8221; text_text_color=&#8221;#000000&#8243; text_font_size=&#8221;16px&#8221; text_line_height=&#8221;1.5em&#8221; header_4_font=&#8221;Roboto|500|||||||&#8221; header_4_text_color=&#8221;#000000&#8243; header_5_font=&#8221;Roboto||||||||&#8221; header_5_font_size=&#8221;18px&#8221; vertical_offset_tablet=&#8221;0&#8243; horizontal_offset_tablet=&#8221;0&#8243; z_index_tablet=&#8221;0&#8243; text_text_shadow_horizontal_length_tablet=&#8221;0px&#8221; text_text_shadow_vertical_length_tablet=&#8221;0px&#8221; text_text_shadow_blur_strength_tablet=&#8221;1px&#8221; link_text_shadow_horizontal_length_tablet=&#8221;0px&#8221; link_text_shadow_vertical_length_tablet=&#8221;0px&#8221; link_text_shadow_blur_strength_tablet=&#8221;1px&#8221; ul_text_shadow_horizontal_length_tablet=&#8221;0px&#8221; ul_text_shadow_vertical_length_tablet=&#8221;0px&#8221; ul_text_shadow_blur_strength_tablet=&#8221;1px&#8221; ol_text_shadow_horizontal_length_tablet=&#8221;0px&#8221; ol_text_shadow_vertical_length_tablet=&#8221;0px&#8221; ol_text_shadow_blur_strength_tablet=&#8221;1px&#8221; quote_text_shadow_horizontal_length_tablet=&#8221;0px&#8221; quote_text_shadow_vertical_length_tablet=&#8221;0px&#8221; quote_text_shadow_blur_strength_tablet=&#8221;1px&#8221; header_text_shadow_horizontal_length_tablet=&#8221;0px&#8221; header_text_shadow_vertical_length_tablet=&#8221;0px&#8221; header_text_shadow_blur_strength_tablet=&#8221;1px&#8221; header_2_text_shadow_horizontal_length_tablet=&#8221;0px&#8221; header_2_text_shadow_vertical_length_tablet=&#8221;0px&#8221; header_2_text_shadow_blur_strength_tablet=&#8221;1px&#8221; header_3_text_shadow_horizontal_length_tablet=&#8221;0px&#8221; header_3_text_shadow_vertical_length_tablet=&#8221;0px&#8221; header_3_text_shadow_blur_strength_tablet=&#8221;1px&#8221; header_4_text_shadow_horizontal_length_tablet=&#8221;0px&#8221; header_4_text_shadow_vertical_length_tablet=&#8221;0px&#8221; header_4_text_shadow_blur_strength_tablet=&#8221;1px&#8221; header_5_text_shadow_horizontal_length_tablet=&#8221;0px&#8221; header_5_text_shadow_vertical_length_tablet=&#8221;0px&#8221; header_5_text_shadow_blur_strength_tablet=&#8221;1px&#8221; header_6_text_shadow_horizontal_length_tablet=&#8221;0px&#8221; header_6_text_shadow_vertical_length_tablet=&#8221;0px&#8221; header_6_text_shadow_blur_strength_tablet=&#8221;1px&#8221; box_shadow_horizontal_tablet=&#8221;0px&#8221; box_shadow_vertical_tablet=&#8221;0px&#8221; box_shadow_blur_tablet=&#8221;40px&#8221; box_shadow_spread_tablet=&#8221;0px&#8221; global_colors_info=&#8221;{}&#8221;]<\/p>\n<h2>Traslados disponibles:<\/h2>\n\n<div id='price_table_css'><table>\n  <caption>Traslados<\/caption>\n  <thead>\n    <tr>\n      <th scope='col'><\/th>\n      <th scope='col'>C\u00e1diz Estaci\u00f3n \/ Alojamientos<\/th>\n      <th scope='col'>Jerez Aeropuerto<\/th>\n      <th scope='col'>Sevilla<\/th>\n      <th scope='col'>M\u00e1laga Aeropuerto<\/th>\n    <\/tr>\n  <\/thead>\n  <tbody>\n    <tr>\n      <td scope='row'><b>C\u00e1diz<\/b><\/td>\n      <td data-label='C\u00e1diz Estaci\u00f3n \/ Alojamientos'>30\u20ac<\/td>\n      <td data-label='Jerez Aeropuerto'>65\u20ac (junior 56\u20ac)<\/td>\n      <td data-label='Sevilla'>160\u20ac<\/td>\n      <td data-label='M\u00e1laga Aeropuerto'>260\u20ac<\/td>\n    <\/tr>\n  <\/tbody>\n<\/table><\/div>\n\n\n<p><strong>Traslado grupal desde el Aeropuerto de M\u00e1laga hasta C\u00e1diz: <\/strong>75\u20ac.<br \/><strong>Los domingos desde el 12 de junio hasta el 14 de Agosto, para vuelos que llegan y salen entre las 10.30 horas y las 19.00 horas.<\/strong><\/p>\n<h2>Informaci\u00f3n adicional:<\/h2>\n<p>Nuestros traslados son privados y solo de ida.<\/p>\n<p>Seguro de salud y accidentes durante 4 semanas: 55\u20ac (Europa) y 70\u20ac (resto del mundo).<\/p>\n<p>[\/et_pb_text][\/et_pb_column][\/et_pb_row][\/et_pb_section]<\/p>\n","protected":false},"excerpt":{"rendered":"<p>Alojamiento Encuentra el lugar perfecto para tu estancia Consulta las opciones: Sin tarifa de reserva. Entrada: Domingo a las 16:00 Salida: S\u00e1bado a las 12:00 Familia anfitriona Conviertete en parte de una verdadera familia espa\u00f1ola y consigue la experiencia aut\u00e9ntica que estabas buscando. <a id='button_see_courecs_' href='https:\/\/clicbackup.platty.tech\/es\/cadiz\/alojamiento\/familia' class='small-button smallblue'>Lee m\u00e1s<\/a> Pisos compartidos Disfruta de tu independencia mientras vives en un ambiente sociable junto a otros estudiantes espa\u00f1oles o internacionales. <a id='button_see_courecs_' href='https:\/\/clicbackup.platty.tech\/es\/cadiz\/alojamiento\/piso-compartido' class='small-button smallblue'>Lee m\u00e1s<\/a> Residencia Haz un mont\u00f3n de amigos de diferentes nacionalidades y ll\u00e9vate unos recuerdos inolvidables mientras vives en <a id='button_see_courecs_' href='https:\/\/clicbackup.platty.tech\/es\/cadiz\/alojamiento\/residencia' class='small-button smallblue'>Lee m\u00e1s<\/a> Apartamentos Al\u00f3jate en uno de nuestros preciosos apartamentos, totalmente equipados. Disfruta al mismo tiempo de la independencia <a id='button_see_courecs_' href='https:\/\/clicbackup.platty.tech\/es\/cadiz\/alojamiento\/apartamentos' class='small-button smallblue'>Lee m\u00e1s<\/a> Traslados disponibles:<\/p>\n<div id='price_table_css'>\n<table>\n<caption>Traslados<\/caption>\n<thead>\n<tr>\n<th scope='col'><\/th>\n<th scope='col'>C\u00e1diz Estaci\u00f3n \/ Alojamientos<\/th>\n<th scope='col'>Jerez Aeropuerto<\/th>\n<th scope='col'>Sevilla<\/th>\n<th scope='col'>M\u00e1laga Aeropuerto<\/th>\n<\/tr>\n<\/thead>\n<tbody>\n<tr>\n<td scope='row'><b>C\u00e1diz<\/b><\/td>\n<td data-label='C\u00e1diz Estaci\u00f3n \/ Alojamientos'>30\u20ac<\/td>\n<td data-label='Jerez Aeropuerto'>65\u20ac (junior 56\u20ac)<\/td>\n<td data-label='Sevilla'>160\u20ac<\/td>\n<td data-label='M\u00e1laga Aeropuerto'>260\u20ac<\/td>\n<\/tr>\n<\/tbody>\n<\/table>\n<\/div>\n<p>Traslado grupal desde el Aeropuerto de M\u00e1laga hasta C\u00e1diz: 75\u20ac.Los domingos desde el 12 de junio hasta el 14 de Agosto, para vuelos que llegan y salen entre las 10.30 horas y las 19.00 horas.Informaci\u00f3n adicional:Nuestros traslados son privados y solo de ida.Seguro de salud y accidentes durante 4 semanas: 55\u20ac (Europa) y 70\u20ac (resto del mundo).<\/p>\n","protected":false},"author":62,"featured_media":0,"parent":47551,"menu_order":0,"comment_status":"closed","ping_status":"closed","template":"","meta":{"_acf_changed":false,"_et_pb_use_builder":"on","_et_pb_old_content":"","_et_gb_content_width":"","footnotes":""},"class_list":["post-38205","page","type-page","status-publish","hentry"],"acf":[],"_links":{"self":[{"href":"https:\/\/clicbackup.platty.tech\/es\/wp-json\/wp\/v2\/pages\/38205","targetHints":{"allow":["GET"]}}],"collection":[{"href":"https:\/\/clicbackup.platty.tech\/es\/wp-json\/wp\/v2\/pages"}],"about":[{"href":"https:\/\/clicbackup.platty.tech\/es\/wp-json\/wp\/v2\/types\/page"}],"author":[{"embeddable":true,"href":"https:\/\/clicbackup.platty.tech\/es\/wp-json\/wp\/v2\/users\/62"}],"replies":[{"embeddable":true,"href":"https:\/\/clicbackup.platty.tech\/es\/wp-json\/wp\/v2\/comments?post=38205"}],"version-history":[{"count":0,"href":"https:\/\/clicbackup.platty.tech\/es\/wp-json\/wp\/v2\/pages\/38205\/revisions"}],"up":[{"embeddable":true,"href":"https:\/\/clicbackup.platty.tech\/es\/wp-json\/wp\/v2\/pages\/47551"}],"wp:attachment":[{"href":"https:\/\/clicbackup.platty.tech\/es\/wp-json\/wp\/v2\/media?parent=38205"}],"curies":[{"name":"wp","href":"https:\/\/api.w.org\/{rel}","templated":true}]}}