{"id":38421,"date":"2019-11-08T09:41:32","date_gmt":"2019-11-08T08:41:32","guid":{"rendered":"https:\/\/clicbackup.platty.tech\/malaga\/cursos\/spanish-teacher-training-courses-in-malaga\/"},"modified":"2024-04-15T14:25:37","modified_gmt":"2024-04-15T12:25:37","slug":"formacion-profesores-espanol","status":"publish","type":"page","link":"https:\/\/clicbackup.platty.tech\/es\/malaga\/cursos\/formacion-profesores-espanol\/","title":{"rendered":"Curso de espa\u00f1ol para profesores en Malaga"},"content":{"rendered":"<p>[et_pb_section fb_built=&#8221;1&#8243; _builder_version=&#8221;4.24.3&#8243; use_background_color_gradient=&#8221;on&#8221; background_color_gradient_stops=&#8221;rgba(179,69,121,0.8) 0%|rgba(179,69,121,0.8) 100%&#8221; background_color_gradient_overlays_image=&#8221;on&#8221; background_color_gradient_start=&#8221;rgba(179,69,121,0.8)&#8221; background_color_gradient_end=&#8221;rgba(179,69,121,0.8)&#8221; background_image=&#8221;https:\/\/clicbackup.platty.tech\/wp-content\/uploads\/2024\/04\/Formacion-de-profesores-espanol-malagaa.png&#8221; vertical_offset_tablet=&#8221;0&#8243; horizontal_offset_tablet=&#8221;0&#8243; hover_enabled=&#8221;0&#8243; box_shadow_horizontal_tablet=&#8221;0px&#8221; box_shadow_vertical_tablet=&#8221;0px&#8221; box_shadow_blur_tablet=&#8221;40px&#8221; box_shadow_spread_tablet=&#8221;0px&#8221; global_colors_info=&#8221;{}&#8221; alt=&#8221;Formacion De Profesores Espa\u00f1ol Malagaa&#8221; title_text=&#8221;Formacion De Profesores Espa\u00f1ol Malagaa&#8221; sticky_enabled=&#8221;0&#8243;][et_pb_row _builder_version=&#8221;4.24.3&#8243; background_size=&#8221;initial&#8221; background_position=&#8221;top_left&#8221; background_repeat=&#8221;repeat&#8221; vertical_offset_tablet=&#8221;0&#8243; horizontal_offset_tablet=&#8221;0&#8243; hover_enabled=&#8221;0&#8243; z_index_tablet=&#8221;0&#8243; box_shadow_horizontal_tablet=&#8221;0px&#8221; box_shadow_vertical_tablet=&#8221;0px&#8221; box_shadow_blur_tablet=&#8221;40px&#8221; box_shadow_spread_tablet=&#8221;0px&#8221; global_colors_info=&#8221;{}&#8221; sticky_enabled=&#8221;0&#8243;][et_pb_column type=&#8221;4_4&#8243; _builder_version=&#8221;3.0.47&#8243; vertical_offset_tablet=&#8221;0&#8243; vertical_offset_phone=&#8221;0&#8243; horizontal_offset_tablet=&#8221;0&#8243; horizontal_offset_phone=&#8221;0&#8243; custom_padding=&#8221;|||&#8221; background_color_gradient_direction_tablet=&#8221;180deg&#8221; background_color_gradient_direction_phone=&#8221;180deg&#8221; background_color_gradient_stops_tablet=&#8221;#2b87da 0%|#29c4a9 100%&#8221; background_color_gradient_stops_phone=&#8221;#2b87da 0%|#29c4a9 100%&#8221; background_color_gradient_start_position_tablet=&#8221;0%&#8221; background_color_gradient_start_position_phone=&#8221;0%&#8221; background_color_gradient_end_position_tablet=&#8221;100%&#8221; background_color_gradient_end_position_phone=&#8221;100%&#8221; z_index_tablet=&#8221;2&#8243; z_index_phone=&#8221;2&#8243; filter_hue_rotate_tablet=&#8221;0deg&#8221; filter_hue_rotate_phone=&#8221;0deg&#8221; filter_saturate_tablet=&#8221;100%&#8221; filter_saturate_phone=&#8221;100%&#8221; filter_brightness_tablet=&#8221;100%&#8221; filter_brightness_phone=&#8221;100%&#8221; filter_contrast_tablet=&#8221;100%&#8221; filter_contrast_phone=&#8221;100%&#8221; filter_invert_tablet=&#8221;0%&#8221; filter_invert_phone=&#8221;0%&#8221; filter_sepia_tablet=&#8221;0%&#8221; filter_sepia_phone=&#8221;0%&#8221; filter_opacity_tablet=&#8221;100%&#8221; filter_opacity_phone=&#8221;100%&#8221; filter_blur_tablet=&#8221;0px&#8221; filter_blur_phone=&#8221;0px&#8221; animation_duration_tablet=&#8221;1000ms&#8221; animation_duration_phone=&#8221;1000ms&#8221; animation_delay_tablet=&#8221;0ms&#8221; animation_delay_phone=&#8221;0ms&#8221; animation_intensity_slide_tablet=&#8221;50%&#8221; animation_intensity_slide_phone=&#8221;50%&#8221; animation_intensity_zoom_tablet=&#8221;50%&#8221; animation_intensity_zoom_phone=&#8221;50%&#8221; animation_intensity_flip_tablet=&#8221;50%&#8221; animation_intensity_flip_phone=&#8221;50%&#8221; animation_intensity_fold_tablet=&#8221;50%&#8221; animation_intensity_fold_phone=&#8221;50%&#8221; animation_intensity_roll_tablet=&#8221;50%&#8221; animation_intensity_roll_phone=&#8221;50%&#8221; animation_starting_opacity_tablet=&#8221;0%&#8221; animation_starting_opacity_phone=&#8221;0%&#8221; hover_transition_duration_tablet=&#8221;300ms&#8221; hover_transition_duration_phone=&#8221;300ms&#8221; hover_transition_delay_tablet=&#8221;0ms&#8221; hover_transition_delay_phone=&#8221;0ms&#8221; box_shadow_horizontal_tablet=&#8221;0px&#8221; box_shadow_horizontal_phone=&#8221;0px&#8221; box_shadow_vertical_tablet=&#8221;0px&#8221; box_shadow_vertical_phone=&#8221;0px&#8221; box_shadow_blur_tablet=&#8221;40px&#8221; box_shadow_blur_phone=&#8221;40px&#8221; box_shadow_spread_tablet=&#8221;0px&#8221; box_shadow_spread_phone=&#8221;0px&#8221; disabled=&#8221;%91object HTMLInputElement%93&#8243; global_colors_info=&#8221;{}&#8221; custom_padding__hover=&#8221;|||&#8221;][et_pb_text _builder_version=&#8221;4.24.3&#8243; text_font=&#8221;Merriweather Sans|300|||||||&#8221; text_text_color=&#8221;#ffffff&#8221; text_font_size=&#8221;16px&#8221; header_font=&#8221;Merriweather Sans|700|||||||&#8221; header_text_align=&#8221;center&#8221; header_text_color=&#8221;#ffffff&#8221; header_font_size=&#8221;40px&#8221; header_3_text_align=&#8221;center&#8221; header_3_text_color=&#8221;#ffffff&#8221; header_3_font_size=&#8221;24px&#8221; vertical_offset_tablet=&#8221;0&#8243; horizontal_offset_tablet=&#8221;0&#8243; text_orientation=&#8221;center&#8221; hover_enabled=&#8221;0&#8243; z_index_tablet=&#8221;0&#8243; text_text_shadow_horizontal_length_tablet=&#8221;0px&#8221; text_text_shadow_vertical_length_tablet=&#8221;0px&#8221; text_text_shadow_blur_strength_tablet=&#8221;1px&#8221; link_text_shadow_horizontal_length_tablet=&#8221;0px&#8221; link_text_shadow_vertical_length_tablet=&#8221;0px&#8221; link_text_shadow_blur_strength_tablet=&#8221;1px&#8221; ul_text_shadow_horizontal_length_tablet=&#8221;0px&#8221; ul_text_shadow_vertical_length_tablet=&#8221;0px&#8221; ul_text_shadow_blur_strength_tablet=&#8221;1px&#8221; ol_text_shadow_horizontal_length_tablet=&#8221;0px&#8221; ol_text_shadow_vertical_length_tablet=&#8221;0px&#8221; ol_text_shadow_blur_strength_tablet=&#8221;1px&#8221; quote_text_shadow_horizontal_length_tablet=&#8221;0px&#8221; quote_text_shadow_vertical_length_tablet=&#8221;0px&#8221; quote_text_shadow_blur_strength_tablet=&#8221;1px&#8221; header_text_shadow_horizontal_length_tablet=&#8221;0px&#8221; header_text_shadow_vertical_length_tablet=&#8221;0px&#8221; header_text_shadow_blur_strength_tablet=&#8221;1px&#8221; header_2_text_shadow_horizontal_length_tablet=&#8221;0px&#8221; header_2_text_shadow_vertical_length_tablet=&#8221;0px&#8221; header_2_text_shadow_blur_strength_tablet=&#8221;1px&#8221; header_3_text_shadow_horizontal_length_tablet=&#8221;0px&#8221; header_3_text_shadow_vertical_length_tablet=&#8221;0px&#8221; header_3_text_shadow_blur_strength_tablet=&#8221;1px&#8221; header_4_text_shadow_horizontal_length_tablet=&#8221;0px&#8221; header_4_text_shadow_vertical_length_tablet=&#8221;0px&#8221; header_4_text_shadow_blur_strength_tablet=&#8221;1px&#8221; header_5_text_shadow_horizontal_length_tablet=&#8221;0px&#8221; header_5_text_shadow_vertical_length_tablet=&#8221;0px&#8221; header_5_text_shadow_blur_strength_tablet=&#8221;1px&#8221; header_6_text_shadow_horizontal_length_tablet=&#8221;0px&#8221; header_6_text_shadow_vertical_length_tablet=&#8221;0px&#8221; header_6_text_shadow_blur_strength_tablet=&#8221;1px&#8221; box_shadow_horizontal_tablet=&#8221;0px&#8221; box_shadow_vertical_tablet=&#8221;0px&#8221; box_shadow_blur_tablet=&#8221;40px&#8221; box_shadow_spread_tablet=&#8221;0px&#8221; global_colors_info=&#8221;{}&#8221; header_3_font=&#8221;Merriweather Sans|600|||||||&#8221; text_line_height=&#8221;1.8em&#8221; sticky_enabled=&#8221;0&#8243;]<\/p>\n<h1>Formaci\u00f3n de Profesores de espa\u00f1ol en M\u00e1laga<\/h1>\n<h3>Comienza hoy tu viaje por la docencia<\/h3>\n<p>&nbsp;<\/p>\n<p>Viaja por todo el mundo mientras desarrollas uno de los trabajos m\u00e1s gratificantes: ense\u00f1ar espa\u00f1ol. Aprende las principales claves de los m\u00e9todos de ense\u00f1anza, adquiere experiencia en el aula y convi\u00e9rtete en un profesor de espa\u00f1ol totalmente cualificado. Y todo esto gracias a la Formacion de profesores de espa\u00f1ol en M\u00e1laga de CLIC International House.<\/p>\n<p>[\/et_pb_text][et_pb_button button_url=&#8221;https:\/\/clicbackup.platty.tech\/es\/malaga\/cursos\/formacion-profesores-espanol\/reserva\/&#8221; button_text=&#8221;Pre-reserva ahora&#8221; button_alignment=&#8221;center&#8221; _builder_version=&#8221;4.24.3&#8243; vertical_offset_tablet=&#8221;0&#8243; horizontal_offset_tablet=&#8221;0&#8243; background_layout=&#8221;dark&#8221; hover_enabled=&#8221;0&#8243; z_index_tablet=&#8221;0&#8243; button_text_shadow_horizontal_length_tablet=&#8221;0px&#8221; button_text_shadow_vertical_length_tablet=&#8221;0px&#8221; button_text_shadow_blur_strength_tablet=&#8221;1px&#8221; box_shadow_horizontal_tablet=&#8221;0px&#8221; box_shadow_vertical_tablet=&#8221;0px&#8221; box_shadow_blur_tablet=&#8221;40px&#8221; box_shadow_spread_tablet=&#8221;0px&#8221; global_colors_info=&#8221;{}&#8221; custom_button=&#8221;on&#8221; button_font=&#8221;Merriweather Sans||||||||&#8221; button_border_width=&#8221;2px&#8221; button_border_radius=&#8221;9px&#8221; sticky_enabled=&#8221;0&#8243; button_text_size=&#8221;17px&#8221;][\/et_pb_button][\/et_pb_column][\/et_pb_row][\/et_pb_section][et_pb_section fb_built=&#8221;1&#8243; _builder_version=&#8221;4.16&#8243; global_colors_info=&#8221;{}&#8221;][et_pb_row module_class=&#8221;textoencima&#8221; _builder_version=&#8221;4.19.5&#8243; vertical_offset_tablet=&#8221;0&#8243; horizontal_offset_tablet=&#8221;0&#8243; z_index_tablet=&#8221;0&#8243; box_shadow_horizontal_tablet=&#8221;0px&#8221; box_shadow_vertical_tablet=&#8221;0px&#8221; box_shadow_blur_tablet=&#8221;40px&#8221; box_shadow_spread_tablet=&#8221;0px&#8221; global_colors_info=&#8221;{}&#8221; column_structure=&#8221;1_4,1_4,1_4,1_4&#8243;][et_pb_column type=&#8221;1_4&#8243; _builder_version=&#8221;4.16&#8243; custom_padding=&#8221;|||&#8221; global_colors_info=&#8221;{}&#8221; custom_padding__hover=&#8221;|||&#8221;][et_pb_blurb title=&#8221;1. Curso de metodolog\u00eda&#8221; image=&#8221;https:\/\/clicbackup.platty.tech\/wp-content\/uploads\/2023\/02\/curso-metodologia-formacion-profesores-espanol-malaga.png&#8221; alt=&#8221;Curso de metodolog\u00eda Formaci\u00f3n de Profesores de Espa\u00f1ol en M\u00e1laga&#8221; image_icon_width_tablet=&#8221;101px&#8221; module_class=&#8221;zoom-in&#8221; _builder_version=&#8221;4.24.3&#8243; header_level=&#8221;h2&#8243; header_font_size=&#8221;30px&#8221; vertical_offset_tablet=&#8221;0&#8243; horizontal_offset_tablet=&#8221;0&#8243; animation=&#8221;off&#8221; link_option_url=&#8221;https:\/\/clicbackup.platty.tech\/es\/malaga\/cursos\/formacion-profesores-espanol\/metodologia\/&#8221; hover_enabled=&#8221;0&#8243; z_index_tablet=&#8221;0&#8243; header_text_shadow_horizontal_length_tablet=&#8221;0px&#8221; header_text_shadow_vertical_length_tablet=&#8221;0px&#8221; header_text_shadow_blur_strength_tablet=&#8221;1px&#8221; body_text_shadow_horizontal_length_tablet=&#8221;0px&#8221; body_text_shadow_vertical_length_tablet=&#8221;0px&#8221; body_text_shadow_blur_strength_tablet=&#8221;1px&#8221; body_link_text_shadow_horizontal_length_tablet=&#8221;0px&#8221; body_link_text_shadow_vertical_length_tablet=&#8221;0px&#8221; body_link_text_shadow_blur_strength_tablet=&#8221;1px&#8221; body_ul_text_shadow_horizontal_length_tablet=&#8221;0px&#8221; body_ul_text_shadow_vertical_length_tablet=&#8221;0px&#8221; body_ul_text_shadow_blur_strength_tablet=&#8221;1px&#8221; body_ol_text_shadow_horizontal_length_tablet=&#8221;0px&#8221; body_ol_text_shadow_vertical_length_tablet=&#8221;0px&#8221; body_ol_text_shadow_blur_strength_tablet=&#8221;1px&#8221; body_quote_text_shadow_horizontal_length_tablet=&#8221;0px&#8221; body_quote_text_shadow_vertical_length_tablet=&#8221;0px&#8221; body_quote_text_shadow_blur_strength_tablet=&#8221;1px&#8221; box_shadow_horizontal_tablet=&#8221;0px&#8221; box_shadow_vertical_tablet=&#8221;0px&#8221; box_shadow_blur_tablet=&#8221;40px&#8221; box_shadow_spread_tablet=&#8221;0px&#8221; box_shadow_horizontal_image_tablet=&#8221;0px&#8221; box_shadow_vertical_image_tablet=&#8221;0px&#8221; box_shadow_blur_image_tablet=&#8221;40px&#8221; box_shadow_spread_image_tablet=&#8221;0px&#8221; text_shadow_horizontal_length_tablet=&#8221;0px&#8221; text_shadow_vertical_length_tablet=&#8221;0px&#8221; text_shadow_blur_strength_tablet=&#8221;1px&#8221; global_colors_info=&#8221;{}&#8221; header_font=&#8221;Merriweather Sans||||||||&#8221; border_radii_image=&#8221;on|11px|11px|11px|11px&#8221; sticky_enabled=&#8221;0&#8243; url=&#8221;https:\/\/clicbackup.platty.tech\/es\/malaga\/cursos\/formacion-profesores-espanol\/metodologia\/&#8221;][\/et_pb_blurb][et_pb_text _builder_version=&#8221;4.24.3&#8243; text_font=&#8221;Merriweather Sans|300|||||||&#8221; vertical_offset_tablet=&#8221;0&#8243; horizontal_offset_tablet=&#8221;0&#8243; hover_enabled=&#8221;0&#8243; z_index_tablet=&#8221;0&#8243; text_text_shadow_horizontal_length_tablet=&#8221;0px&#8221; text_text_shadow_vertical_length_tablet=&#8221;0px&#8221; text_text_shadow_blur_strength_tablet=&#8221;1px&#8221; link_text_shadow_horizontal_length_tablet=&#8221;0px&#8221; link_text_shadow_vertical_length_tablet=&#8221;0px&#8221; link_text_shadow_blur_strength_tablet=&#8221;1px&#8221; ul_text_shadow_horizontal_length_tablet=&#8221;0px&#8221; ul_text_shadow_vertical_length_tablet=&#8221;0px&#8221; ul_text_shadow_blur_strength_tablet=&#8221;1px&#8221; ol_text_shadow_horizontal_length_tablet=&#8221;0px&#8221; ol_text_shadow_vertical_length_tablet=&#8221;0px&#8221; ol_text_shadow_blur_strength_tablet=&#8221;1px&#8221; quote_text_shadow_horizontal_length_tablet=&#8221;0px&#8221; quote_text_shadow_vertical_length_tablet=&#8221;0px&#8221; quote_text_shadow_blur_strength_tablet=&#8221;1px&#8221; header_text_shadow_horizontal_length_tablet=&#8221;0px&#8221; header_text_shadow_vertical_length_tablet=&#8221;0px&#8221; header_text_shadow_blur_strength_tablet=&#8221;1px&#8221; header_2_text_shadow_horizontal_length_tablet=&#8221;0px&#8221; header_2_text_shadow_vertical_length_tablet=&#8221;0px&#8221; header_2_text_shadow_blur_strength_tablet=&#8221;1px&#8221; header_3_text_shadow_horizontal_length_tablet=&#8221;0px&#8221; header_3_text_shadow_vertical_length_tablet=&#8221;0px&#8221; header_3_text_shadow_blur_strength_tablet=&#8221;1px&#8221; header_4_text_shadow_horizontal_length_tablet=&#8221;0px&#8221; header_4_text_shadow_vertical_length_tablet=&#8221;0px&#8221; header_4_text_shadow_blur_strength_tablet=&#8221;1px&#8221; header_5_text_shadow_horizontal_length_tablet=&#8221;0px&#8221; header_5_text_shadow_vertical_length_tablet=&#8221;0px&#8221; header_5_text_shadow_blur_strength_tablet=&#8221;1px&#8221; header_6_text_shadow_horizontal_length_tablet=&#8221;0px&#8221; header_6_text_shadow_vertical_length_tablet=&#8221;0px&#8221; header_6_text_shadow_blur_strength_tablet=&#8221;1px&#8221; box_shadow_horizontal_tablet=&#8221;0px&#8221; box_shadow_vertical_tablet=&#8221;0px&#8221; box_shadow_blur_tablet=&#8221;40px&#8221; box_shadow_spread_tablet=&#8221;0px&#8221; global_colors_info=&#8221;{}&#8221; sticky_enabled=&#8221;0&#8243;]<\/p>\n<p>Aprende a planificar y familiar\u00edzate con las mejores t\u00e9cnicas y metodolog\u00edas de ense\u00f1anza que existen.<\/p>\n<p>[\/et_pb_text][\/et_pb_column][et_pb_column type=&#8221;1_4&#8243; _builder_version=&#8221;4.16&#8243; custom_padding=&#8221;|||&#8221; global_colors_info=&#8221;{}&#8221; custom_padding__hover=&#8221;|||&#8221;][et_pb_blurb title=&#8221;2. Curso intensivo: metodolog\u00eda + pr\u00e1ctica&#8221; image=&#8221;https:\/\/clicbackup.platty.tech\/wp-content\/uploads\/2023\/02\/curso-intensivo-metodologia-practica-formacion-profesores-espanol-malaga.png&#8221; alt=&#8221;Curso intensivo Formaci\u00f3n de Profesores de Espa\u00f1ol en M\u00e1laga&#8221; module_class=&#8221;zoom-in&#8221; _builder_version=&#8221;4.24.3&#8243; header_level=&#8221;h2&#8243; header_font_size=&#8221;30px&#8221; vertical_offset_tablet=&#8221;0&#8243; horizontal_offset_tablet=&#8221;0&#8243; animation=&#8221;off&#8221; link_option_url=&#8221;https:\/\/clicbackup.platty.tech\/es\/malaga\/cursos\/formacion-profesores-espanol\/intensivo\/&#8221; z_index_tablet=&#8221;0&#8243; global_colors_info=&#8221;{}&#8221; header_font=&#8221;Merriweather Sans||||||||&#8221; border_radii_image=&#8221;on|11px|11px|11px|11px&#8221; url=&#8221;https:\/\/clicbackup.platty.tech\/es\/malaga\/cursos\/formacion-profesores-espanol\/intensivo\/&#8221; hover_enabled=&#8221;0&#8243; sticky_enabled=&#8221;0&#8243;][\/et_pb_blurb][et_pb_text _builder_version=&#8221;4.19.5&#8243; text_font=&#8221;Merriweather Sans|300|||||||&#8221; vertical_offset_tablet=&#8221;0&#8243; horizontal_offset_tablet=&#8221;0&#8243; z_index_tablet=&#8221;0&#8243; global_colors_info=&#8221;{}&#8221;]<\/p>\n<p>Aprende a planificar y gestionar clases de espa\u00f1ol como segunda lengua o idioma extranjero en clase (ELSE)<\/p>\n<p>[\/et_pb_text][\/et_pb_column][et_pb_column type=&#8221;1_4&#8243; _builder_version=&#8221;4.16&#8243; custom_padding=&#8221;|||&#8221; global_colors_info=&#8221;{}&#8221; custom_padding__hover=&#8221;|||&#8221;][et_pb_blurb title=&#8221;3. Posgrado Diploma ELE&#8221; image=&#8221;https:\/\/clicbackup.platty.tech\/wp-content\/uploads\/2023\/02\/posgrado-diploma-ele.png&#8221; alt=&#8221;Posgrado Diploma ELE Formaci\u00f3n de Profesores de Espa\u00f1ol en M\u00e1laga&#8221; module_class=&#8221;zoom-in&#8221; _builder_version=&#8221;4.24.3&#8243; header_level=&#8221;h2&#8243; header_font_size=&#8221;30px&#8221; vertical_offset_tablet=&#8221;0&#8243; horizontal_offset_tablet=&#8221;0&#8243; animation=&#8221;off&#8221; link_option_url=&#8221;https:\/\/formacionele.com\/diplomaele-certificado-universitario-para-dar-clases-de-espanol\/&#8221; link_option_url_new_window=&#8221;on&#8221; z_index_tablet=&#8221;0&#8243; global_colors_info=&#8221;{}&#8221; header_font=&#8221;Merriweather Sans||||||||&#8221; border_radii_image=&#8221;on|11px|11px|11px|11px&#8221; url=&#8221;https:\/\/formacionele.com\/diplomaele-certificado-universitario-para-dar-clases-de-espanol\/&#8221; hover_enabled=&#8221;0&#8243; sticky_enabled=&#8221;0&#8243;][\/et_pb_blurb][et_pb_text _builder_version=&#8221;4.19.5&#8243; text_font=&#8221;Merriweather Sans|300|||||||&#8221; vertical_offset_tablet=&#8221;0&#8243; horizontal_offset_tablet=&#8221;0&#8243; z_index_tablet=&#8221;0&#8243; global_colors_info=&#8221;{}&#8221;]<\/p>\n<p>Puedes pasar de una modalidad a otra de una manera f\u00e1cil y r\u00e1pida.<\/p>\n<p>[\/et_pb_text][\/et_pb_column][et_pb_column type=&#8221;1_4&#8243; _builder_version=&#8221;4.16&#8243; custom_padding=&#8221;|||&#8221; global_colors_info=&#8221;{}&#8221; custom_padding__hover=&#8221;|||&#8221;][et_pb_blurb title=&#8221;Tutor\u00eda y pr\u00e1cticas&#8221; image=&#8221;https:\/\/clicbackup.platty.tech\/wp-content\/uploads\/2023\/02\/tutoria-practicas-formacion-profesores-espanol-malaga.png&#8221; alt=&#8221;Tutor\u00eda y pr\u00e1cticas Formaci\u00f3n de Profesores de Espa\u00f1ol en M\u00e1laga&#8221; module_class=&#8221;zoom-in&#8221; _builder_version=&#8221;4.24.3&#8243; header_level=&#8221;h2&#8243; header_font_size=&#8221;30px&#8221; vertical_offset_tablet=&#8221;0&#8243; horizontal_offset_tablet=&#8221;0&#8243; animation=&#8221;off&#8221; link_option_url=&#8221;https:\/\/clicbackup.platty.tech\/es\/malaga\/cursos\/formacion-profesores-espanol\/practicas\/&#8221; z_index_tablet=&#8221;0&#8243; global_colors_info=&#8221;{}&#8221; header_font=&#8221;Merriweather Sans||||||||&#8221; border_radii_image=&#8221;on|11px|11px|11px|11px&#8221; url=&#8221;https:\/\/clicbackup.platty.tech\/es\/malaga\/cursos\/formacion-profesores-espanol\/practicas\/&#8221; hover_enabled=&#8221;0&#8243; sticky_enabled=&#8221;0&#8243;][\/et_pb_blurb][et_pb_text _builder_version=&#8221;4.19.5&#8243; text_font=&#8221;Merriweather Sans|300|||||||&#8221; vertical_offset_tablet=&#8221;0&#8243; horizontal_offset_tablet=&#8221;0&#8243; z_index_tablet=&#8221;0&#8243; global_colors_info=&#8221;{}&#8221;]<\/p>\n<p>Un curso especialmente dirigido a aquellos profesores que desean mejorar su competencia docente.<\/p>\n<p>[\/et_pb_text][\/et_pb_column][\/et_pb_row][et_pb_row module_class=&#8221;textoencima&#8221; _builder_version=&#8221;4.19.5&#8243; vertical_offset_tablet=&#8221;0&#8243; horizontal_offset_tablet=&#8221;0&#8243; z_index_tablet=&#8221;0&#8243; box_shadow_horizontal_tablet=&#8221;0px&#8221; box_shadow_vertical_tablet=&#8221;0px&#8221; box_shadow_blur_tablet=&#8221;40px&#8221; box_shadow_spread_tablet=&#8221;0px&#8221; global_colors_info=&#8221;{}&#8221; column_structure=&#8221;1_4,1_4,1_4,1_4&#8243;][et_pb_column type=&#8221;1_4&#8243; _builder_version=&#8221;4.16&#8243; custom_padding=&#8221;|||&#8221; global_colors_info=&#8221;{}&#8221; custom_padding__hover=&#8221;|||&#8221;][et_pb_blurb title=&#8221;Cursos online&#8221; image=&#8221;https:\/\/clicbackup.platty.tech\/wp-content\/uploads\/2023\/02\/curso-online-formacion-profesores-espanol-malaga.png&#8221; alt=&#8221;Cursos online Formaci\u00f3n de Profesores de Espa\u00f1ol en M\u00e1laga&#8221; module_class=&#8221;zoom-in&#8221; _builder_version=&#8221;4.24.3&#8243; header_level=&#8221;h2&#8243; header_font_size=&#8221;30px&#8221; vertical_offset_tablet=&#8221;0&#8243; horizontal_offset_tablet=&#8221;0&#8243; animation=&#8221;off&#8221; link_option_url=&#8221;https:\/\/formacionele.com\/&#8221; link_option_url_new_window=&#8221;on&#8221; z_index_tablet=&#8221;0&#8243; global_colors_info=&#8221;{}&#8221; header_font=&#8221;Merriweather Sans||||||||&#8221; border_radii_image=&#8221;on|11px|11px|11px|11px&#8221; url=&#8221;https:\/\/formacionele.com\/&#8221; hover_enabled=&#8221;0&#8243; sticky_enabled=&#8221;0&#8243;][\/et_pb_blurb][et_pb_text _builder_version=&#8221;4.19.5&#8243; text_font=&#8221;Merriweather Sans|300|||||||&#8221; vertical_offset_tablet=&#8221;0&#8243; horizontal_offset_tablet=&#8221;0&#8243; z_index_tablet=&#8221;0&#8243; global_colors_info=&#8221;{}&#8221;]<\/p>\n<p>Un curso online dirigido a profesores de espa\u00f1ol con y sin experiencia previa.<\/p>\n<p>[\/et_pb_text][\/et_pb_column][et_pb_column type=&#8221;1_4&#8243; _builder_version=&#8221;4.16&#8243; custom_padding=&#8221;|||&#8221; global_colors_info=&#8221;{}&#8221; custom_padding__hover=&#8221;|||&#8221;][\/et_pb_column][et_pb_column type=&#8221;1_4&#8243; _builder_version=&#8221;4.16&#8243; custom_padding=&#8221;|||&#8221; global_colors_info=&#8221;{}&#8221; custom_padding__hover=&#8221;|||&#8221;][\/et_pb_column][et_pb_column type=&#8221;1_4&#8243; _builder_version=&#8221;4.16&#8243; custom_padding=&#8221;|||&#8221; global_colors_info=&#8221;{}&#8221; custom_padding__hover=&#8221;|||&#8221;][\/et_pb_column][\/et_pb_row][\/et_pb_section]<\/p>\n","protected":false},"excerpt":{"rendered":"<p>Formaci\u00f3n de Profesores de espa\u00f1ol en M\u00e1laga Comienza hoy tu viaje por la docencia &nbsp; Viaja por todo el mundo mientras desarrollas uno de los trabajos m\u00e1s gratificantes: ense\u00f1ar espa\u00f1ol. Aprende las principales claves de los m\u00e9todos de ense\u00f1anza, adquiere experiencia en el aula y convi\u00e9rtete en un profesor de espa\u00f1ol totalmente cualificado. Y todo esto gracias a la Formacion de profesores de espa\u00f1ol en M\u00e1laga de CLIC International House.Aprende a planificar y familiar\u00edzate con las mejores t\u00e9cnicas y metodolog\u00edas de ense\u00f1anza que existen.Aprende a planificar y gestionar clases de espa\u00f1ol como segunda lengua o idioma extranjero en clase (ELSE) Puedes pasar de una modalidad a otra de una manera f\u00e1cil y r\u00e1pida. Un curso especialmente dirigido a aquellos profesores que desean mejorar su competencia docente. Un curso online dirigido a profesores de espa\u00f1ol con y sin experiencia previa.<\/p>\n","protected":false},"author":62,"featured_media":0,"parent":38333,"menu_order":0,"comment_status":"closed","ping_status":"closed","template":"","meta":{"_acf_changed":false,"_et_pb_use_builder":"on","_et_pb_old_content":"","_et_gb_content_width":"","footnotes":""},"class_list":["post-38421","page","type-page","status-publish","hentry"],"acf":[],"_links":{"self":[{"href":"https:\/\/clicbackup.platty.tech\/es\/wp-json\/wp\/v2\/pages\/38421","targetHints":{"allow":["GET"]}}],"collection":[{"href":"https:\/\/clicbackup.platty.tech\/es\/wp-json\/wp\/v2\/pages"}],"about":[{"href":"https:\/\/clicbackup.platty.tech\/es\/wp-json\/wp\/v2\/types\/page"}],"author":[{"embeddable":true,"href":"https:\/\/clicbackup.platty.tech\/es\/wp-json\/wp\/v2\/users\/62"}],"replies":[{"embeddable":true,"href":"https:\/\/clicbackup.platty.tech\/es\/wp-json\/wp\/v2\/comments?post=38421"}],"version-history":[{"count":0,"href":"https:\/\/clicbackup.platty.tech\/es\/wp-json\/wp\/v2\/pages\/38421\/revisions"}],"up":[{"embeddable":true,"href":"https:\/\/clicbackup.platty.tech\/es\/wp-json\/wp\/v2\/pages\/38333"}],"wp:attachment":[{"href":"https:\/\/clicbackup.platty.tech\/es\/wp-json\/wp\/v2\/media?parent=38421"}],"curies":[{"name":"wp","href":"https:\/\/api.w.org\/{rel}","templated":true}]}}