{"id":39538,"date":"2019-11-12T06:56:42","date_gmt":"2019-11-12T05:56:42","guid":{"rendered":"https:\/\/clicbackup.platty.tech\/sevilla\/cursos\/espanol\/online-course-in-seville\/"},"modified":"2020-03-04T11:36:08","modified_gmt":"2020-03-04T10:36:08","slug":"online","status":"publish","type":"page","link":"https:\/\/clicbackup.platty.tech\/es\/sevilla\/cursos\/espanol\/online\/","title":{"rendered":"Curso de espa\u00f1ol online en Sevilla"},"content":{"rendered":"<p>[et_pb_section bb_built=&#8221;1&#8243; specialty=&#8221;off&#8221; next_background_color=&#8221;#ffffff&#8221; _builder_version=&#8221;3.19.16&#8243; background_image=&#8221;https:\/\/clicbackup.platty.tech\/assets\/media\/2019\/04\/course05.jpg&#8221; background_position=&#8221;top_center&#8221; module_id=&#8221;senior-template-banner&#8221; custom_padding_tablet=&#8221;|30px||30px&#8221; custom_padding_phone=&#8221;|20px||20px&#8221; custom_padding_last_edited=&#8221;on|desktop&#8221; custom_margin=&#8221;0px|||&#8221; custom_padding=&#8221;0px|||&#8221;][et_pb_row _builder_version=&#8221;3.19.16&#8243; use_background_color_gradient_1=&#8221;on&#8221; background_color_gradient_start_1=&#8221;rgba(206,31,2,0.7)&#8221; background_color_gradient_end_1=&#8221;rgba(206,31,2,0.7)&#8221; custom_margin=&#8221;0px|||&#8221; custom_padding=&#8221;0px|||&#8221; padding_top_1=&#8221;30px&#8221; padding_right_1=&#8221;30px&#8221; padding_bottom_1=&#8221;30px&#8221; padding_left_1=&#8221;30px&#8221;][et_pb_column type=&#8221;1_2&#8243;][et_pb_text admin_label=&#8221;Curso de espa\u00f1ol online&#8221; _builder_version=&#8221;3.19.16&#8243; header_text_color=&#8221;#ffffff&#8221; header_3_text_color=&#8221;#ffffff&#8221; custom_padding_tablet=&#8221;|30px||30px&#8221; custom_padding_phone=&#8221;|20px||20px&#8221; custom_padding_last_edited=&#8221;on|phone&#8221; text_font=&#8221;Roboto||||||||&#8221; text_font_size=&#8221;16px&#8221; text_line_height=&#8221;1.5em&#8221; header_font=&#8221;Roboto|700|||||||&#8221; header_font_size=&#8221;37px&#8221; header_3_font=&#8221;Roboto|500|||||||&#8221; header_3_font_size=&#8221;25px&#8221; text_text_color=&#8221;#ffffff&#8221;]<\/p>\n<h1>Curso de espa\u00f1ol online en Sevilla<\/h1>\n<p>\u00a1Un curso online dirigido por un tutor para guiarte en tu estudio!<\/p>\n<p>[\/et_pb_text][\/et_pb_column][et_pb_column type=&#8221;1_2&#8243;][\/et_pb_column][\/et_pb_row][\/et_pb_section][et_pb_section bb_built=&#8221;1&#8243; specialty=&#8221;on&#8221; prev_background_color=&#8221;#000000&#8243; next_background_color=&#8221;#000000&#8243; _builder_version=&#8221;3.19.16&#8243; module_id=&#8221;seniors_set&#8221; custom_padding_tablet=&#8221;10px|0px|0px|0px&#8221; custom_padding_last_edited=&#8221;on|tablet&#8221; module_class=&#8221;tabber-exam &#8220;][et_pb_column type=&#8221;3_4&#8243; specialty_columns=&#8221;3&#8243;][et_pb_row_inner admin_label=&#8221;Row&#8221;][et_pb_column_inner type=&#8221;4_4&#8243; saved_specialty_column_type=&#8221;3_4&#8243;][et_pb_tabs _builder_version=&#8221;3.19.16&#8243; tab_font=&#8221;Roboto||||||||&#8221; tab_font_size=&#8221;16&#8243; tab_line_height=&#8221;1.5em&#8221; body_font=&#8221;Roboto||||||||&#8221; body_font_size=&#8221;16&#8243; body_line_height=&#8221;1.5em&#8221; module_class=&#8221;tabber-exam&#8221;][et_pb_tab _builder_version=&#8221;3.19.16&#8243; title=&#8221;Visi\u00f3n general&#8221; link_option_url_new_window=&#8221;off&#8221; use_background_color_gradient=&#8221;off&#8221; background_color_gradient_start=&#8221;#2b87da&#8221; background_color_gradient_end=&#8221;#29c4a9&#8243; background_color_gradient_type=&#8221;linear&#8221; background_color_gradient_direction=&#8221;180deg&#8221; background_color_gradient_direction_radial=&#8221;center&#8221; background_color_gradient_start_position=&#8221;0%&#8221; background_color_gradient_end_position=&#8221;100%&#8221; background_color_gradient_overlays_image=&#8221;off&#8221; parallax=&#8221;off&#8221; parallax_method=&#8221;on&#8221; background_size=&#8221;cover&#8221; background_position=&#8221;center&#8221; background_repeat=&#8221;no-repeat&#8221; background_blend=&#8221;normal&#8221; allow_player_pause=&#8221;off&#8221; background_video_pause_outside_viewport=&#8221;on&#8221; tab_text_shadow_style=&#8221;none&#8221; body_text_shadow_style=&#8221;none&#8221; hover_transition_duration=&#8221;300ms&#8221; hover_transition_delay=&#8221;0ms&#8221; hover_transition_speed_curve=&#8221;ease&#8221; tab_text_shadow_horizontal_length=&#8221;0em&#8221; tab_text_shadow_vertical_length=&#8221;0em&#8221; tab_text_shadow_blur_strength=&#8221;0em&#8221; body_text_shadow_horizontal_length=&#8221;0em&#8221; body_text_shadow_vertical_length=&#8221;0em&#8221; body_text_shadow_blur_strength=&#8221;0em&#8221; tab_font=&#8221;||||||||&#8221; body_font=&#8221;||||||||&#8221;]<\/p>\n<p><img fetchpriority=\"high\" fetchpriority=\"high\" decoding=\"async\" src=\"https:\/\/clicbackup.platty.tech\/assets\/media\/2019\/04\/clic-sevilla-alumnos.jpg\" alt=\"\" width=\"1024\" height=\"683\" class=\"aligncenter size-full wp-image-7770 img-100\"><\/p>\n<h3>Curso de espa\u00f1ol online en Sevilla<\/h3>\n<p>Nuestro curso de espa\u00f1ol online en Sevilla est\u00e1 especialmente dirigido para aquellas personas que quieren aprender o perfeccionar un idioma pero que no tienen la posibilidad de asistir a clase de manera constante por su trabajo o su situaci\u00f3n personal. Tambi\u00e9n est\u00e1 especialmente pensado para aquellas personas que prefieren aprender y trabajar un nuevo idioma desde la comodidad y la tranquilidad de sus casas. Cada curso est\u00e1 organizado en 10 m\u00f3dulos que se pueden reservar mediante la compra de paquetes cerrados de 5 m\u00f3dulos, por lo que no es necesario hacer una reserva inicial de la totalidad del curso, a menos que lo prefieras por una mayor comodidad. \u00a1Es una decisi\u00f3n totalmente tuya! El curso completo tiene una duraci\u00f3n de 12 meses, \u00a1todo un a\u00f1o de materiales y de aprendizaje del espa\u00f1ol! Lo que equivaldr\u00eda aproximadamente a unas 120-150 horas de trabajo para ti. Tambi\u00e9n, durante la realizaci\u00f3n del curso online, recibir\u00e1s dos informes detallados sobre la evoluci\u00f3n y el esfuerzo realizado hasta el momento. Adem\u00e1s de otro informe telef\u00f3nico al acabar cada una de las unidades para poder comentar los avances y las necesidades de tu aprendizaje. \u00a1Tu tutor va a estar pendiente de tu estudio y de tu evoluci\u00f3n en todo momento! Es la mejor forma de mantener el ritmo de estudio y poder resolver, en cualquier momento, aquellas dudas que puedan llegar a surgirte. \u00bfQuieres m\u00e1s informaci\u00f3n?<\/p>\n<p>[\/et_pb_tab][et_pb_tab _builder_version=&#8221;3.19.16&#8243; title=&#8221;Detalles&#8221; link_option_url_new_window=&#8221;off&#8221; use_background_color_gradient=&#8221;off&#8221; background_color_gradient_start=&#8221;#2b87da&#8221; background_color_gradient_end=&#8221;#29c4a9&#8243; background_color_gradient_type=&#8221;linear&#8221; background_color_gradient_direction=&#8221;180deg&#8221; background_color_gradient_direction_radial=&#8221;center&#8221; background_color_gradient_start_position=&#8221;0%&#8221; background_color_gradient_end_position=&#8221;100%&#8221; background_color_gradient_overlays_image=&#8221;off&#8221; parallax=&#8221;off&#8221; parallax_method=&#8221;on&#8221; background_size=&#8221;cover&#8221; background_position=&#8221;center&#8221; background_repeat=&#8221;no-repeat&#8221; background_blend=&#8221;normal&#8221; allow_player_pause=&#8221;off&#8221; background_video_pause_outside_viewport=&#8221;on&#8221; tab_font=&#8221;||||||||&#8221; tab_text_shadow_style=&#8221;none&#8221; body_font=&#8221;||||||||&#8221; body_text_shadow_style=&#8221;none&#8221; hover_transition_duration=&#8221;300ms&#8221; hover_transition_delay=&#8221;0ms&#8221; hover_transition_speed_curve=&#8221;ease&#8221; tab_text_shadow_horizontal_length=&#8221;0em&#8221; tab_text_shadow_vertical_length=&#8221;0em&#8221; tab_text_shadow_blur_strength=&#8221;0em&#8221; body_text_shadow_horizontal_length=&#8221;0em&#8221; body_text_shadow_vertical_length=&#8221;0em&#8221; body_text_shadow_blur_strength=&#8221;0em&#8221;]<\/p>\n<h3>\u00bfQu\u00e9 ventajas tienen las clases de espa\u00f1ol online?<\/h3>\n<p>\u00bfTe encanta aprender espa\u00f1ol pero no tienes tiempo para ello? Te entendemos perfectamente. Hoy en d\u00eda puede ser realmente dif\u00edcil organizar los horarios, el trabajo, la familia y tu vida para asistir a una clase a la semana. O tal vez eres un antiguo alumno de CLIC Sevilla y quieres mantener el ritmo de estudio y el nivel alcanzado durante tu \u00faltimo curso en nuestra escuela. O, por otro lado, eres el tipo de persona a la que le gusta trabajar y tener un ritmo constante de aprendizaje pero a un ritmo m\u00e1s relajado y adaptado totalmente a tus necesidades. Como te entendemos y sabemos lo que es tratar de compaginar la vida laboral con la vida personal o la social te queremos ofrecer este curso que combina los mejores materiales adaptados a tu nivel y tus necesidades con la gran ventaja de tener, de forma adicional, la ayuda y consejo de un tutor que estar\u00e1 durante todo el curso pendiente de tu evoluci\u00f3n. \u00bfNo crees que es la soluci\u00f3n a tus problemas con el aprendizaje de espa\u00f1ol? Estabas buscando un curso as\u00ed\u2026 \u00a1y lo sabemos!<\/p>\n<h3>\u00bfCu\u00e1l es la estructura del curso?<\/h3>\n<p>El curso online de espa\u00f1ol de CLIC Sevilla consta de un total de 10 m\u00f3dulos. Cada m\u00f3dulo est\u00e1 organizado por tareas relacionadas con las \u00e1reas de aprendizaje como son la lectura, la escritura, el vocabulario, la gram\u00e1tica, la comprensi\u00f3n auditiva y la oral. Todas ellas necesarias para mejorar y enriquecer tu nivel de espa\u00f1ol.<\/p>\n<p>Durante la realizaci\u00f3n de cada uno de los m\u00f3dulos tu tutor te guiar\u00e1 y ayudar\u00e1 en todo momento. Y una vez concluido cada m\u00f3dulo recibir\u00e1s un informe en el que tu tutor detallar\u00e1 tu evoluci\u00f3n, los puntos a revisar y las habilidades adquiridas. Por \u00faltimo, podr\u00e1s contar tambi\u00e9n con una sesi\u00f3n de tutor\u00eda, de unos 20 minutos de duraci\u00f3n aproximadamente, donde tendr\u00e1s la oportunidad de formular preguntas y resolver las dudas que puedas tener para continuar con tu aprendizaje. \u00bfNo es incre\u00edble?<\/p>\n<h3>\u00bfTengo que comprar todos los m\u00f3dulos del curso al hacer la reserva?<\/h3>\n<p>Te ofrecemos dos posibilidades para reservar y adquirir este curso:<br \/>\n<strong>Primera opci\u00f3n: 10 m\u00f3dulos durante 12 meses<\/strong><br \/>\nEsta primera opci\u00f3n es, aunque ahora no te lo creas, la opci\u00f3n m\u00e1s econ\u00f3mica. Si compras los diez m\u00f3dulos a la hora de hacer la reserva y solicitar este curso online de espa\u00f1ol tendr\u00e1s el equivalente a unas 120-150 horas de materiales y de ejercicios a los que podr\u00e1s acceder durante 12 meses a un coste de tan solo 420 euros. \u00bfNo es incre\u00edble?<\/p>\n<p><strong>Segunda opci\u00f3n: puedes hacer la compra en dos veces, es decir, dos compras de 5 m\u00f3dulos cada una<\/strong><br \/>\nQuiz\u00e1s prefieras ir a un ritmo m\u00e1s pausado y prefieras escoger esta segunda opci\u00f3n. Aqu\u00ed te damos la oportunidad de pagar el curso en dos c\u00f3modas cuotas. Por lo que podr\u00edas comprar la Parte A (m\u00f3dulos del 1 al 5) primero y despu\u00e9s la Parte B (m\u00f3dulos del 6 al 10). En este caso, cada PARTE (Parte A y Parte B) estar\u00eda disponible durante solo 6 meses y constar\u00eda de un total de unas 60-75 horas de material. Si escoges esta opci\u00f3n, cada una de las partes del curso tendr\u00eda un coste de 230 euros.<\/p>\n<h3>\u00bfCu\u00e1nto tiempo tengo disponible para poder completar el curso?<\/h3>\n<p>Todo depende de la forma en la que decidas hacer la reserva y el pago que hayas escogido realizar. Si por ejemplo compras la primera opci\u00f3n, la opci\u00f3n de comprar los 10 m\u00f3dulos de una vez, tendr\u00e1s acceso ilimitado durante 12 meses. En cambio, si seleccionas las segunda opci\u00f3n y compras el curso en dos veces tendr\u00e1s acceso ilimitado pero solo durante 6 meses. Una vez que recibas tus c\u00f3digos de acceso  para poder acceder a tu sesi\u00f3n podr\u00e1s iniciar tu cuenta en cualquier momento y lugar que lo necesites. \u00bfNo es perfecto?<\/p>\n<h3>\u00bfPodr\u00e9 contar con la ayuda y el respaldo de un tutor personal?<\/h3>\n<p>\u00a1Claro que vas a contar con la ayuda de un tutor personal! Tan pronto como comiences tu curso se te asignar\u00e1 un tutor con gran experiencia que te ayudar\u00e1, con sus informes y comentarios, a mejorar y completar el curso. Adem\u00e1s, recuerda que tambi\u00e9n podr\u00e1s hablar con \u00e9l para aclarar algunas dudas telef\u00f3nicamente una vez que vayas completando los m\u00f3dulos. Las sesiones de tutor\u00edas online se organizan seg\u00fan tus necesidades y las de tu tutor, por lo que siempre podr\u00e1s decidir cu\u00e1ndo es mejor para ti y analizar as\u00ed tu evoluci\u00f3n. Creemos que estas tutor\u00edas son la mejor opci\u00f3n para poder ayudarte a resolver aquellas dudas que te puedan surgir durante la realizaci\u00f3n de los m\u00f3dulos y tambi\u00e9n para mantener tu motivaci\u00f3n a lo largo de todo el curso. \u00a1A qu\u00e9 suena genial!<\/p>\n<h3>\u00bfNecesitar\u00e9 comprar alg\u00fan material adicional?<\/h3>\n<p>\u00a1No! No es necesario que compres ning\u00fan material adicional al que te vamos a facilitar durante tu curso. Lo \u00fanico que vas a necesitar es una buena conexi\u00f3n a internet y continuar, a tu propio ritmo, con el desarrollo del curso online de espa\u00f1ol. Por otro lado, si sintieras que necesitas hacer m\u00e1s ejercicios, profundizar m\u00e1s en la gram\u00e1tica podr\u00e1s ped\u00edrselo directamente a tu tutor y \u00e9l ser\u00e1 el encargado de facilitarte todo el material extra que necesites. \u00a1As\u00ed de f\u00e1cil! <\/p>\n<p>[\/et_pb_tab][et_pb_tab _builder_version=&#8221;3.19.16&#8243; title=&#8221;Fechas&#8221; link_option_url_new_window=&#8221;off&#8221; use_background_color_gradient=&#8221;off&#8221; background_color_gradient_start=&#8221;#2b87da&#8221; background_color_gradient_end=&#8221;#29c4a9&#8243; background_color_gradient_type=&#8221;linear&#8221; background_color_gradient_direction=&#8221;180deg&#8221; background_color_gradient_direction_radial=&#8221;center&#8221; background_color_gradient_start_position=&#8221;0%&#8221; background_color_gradient_end_position=&#8221;100%&#8221; background_color_gradient_overlays_image=&#8221;off&#8221; parallax=&#8221;off&#8221; parallax_method=&#8221;on&#8221; background_size=&#8221;cover&#8221; background_position=&#8221;center&#8221; background_repeat=&#8221;no-repeat&#8221; background_blend=&#8221;normal&#8221; allow_player_pause=&#8221;off&#8221; background_video_pause_outside_viewport=&#8221;on&#8221; tab_text_shadow_style=&#8221;none&#8221; body_text_shadow_style=&#8221;none&#8221; hover_transition_duration=&#8221;300ms&#8221; hover_transition_delay=&#8221;0ms&#8221; hover_transition_speed_curve=&#8221;ease&#8221; tab_font=&#8221;||||||||&#8221; tab_text_shadow_horizontal_length=&#8221;0em&#8221; tab_text_shadow_vertical_length=&#8221;0em&#8221; tab_text_shadow_blur_strength=&#8221;0em&#8221; body_font=&#8221;||||||||&#8221; body_text_shadow_horizontal_length=&#8221;0em&#8221; body_text_shadow_vertical_length=&#8221;0em&#8221; body_text_shadow_blur_strength=&#8221;0em&#8221;]<\/p>\n<p><strong>Le fecha para empezar el curso es decisi\u00f3n tuya. \u00a1Lo que mejor te venga y cuando mejor te venga!<\/strong><\/p>\n<p>[\/et_pb_tab][et_pb_tab _builder_version=&#8221;3.19.16&#8243; title=&#8221;Precios&#8221; link_option_url_new_window=&#8221;off&#8221; use_background_color_gradient=&#8221;off&#8221; background_color_gradient_start=&#8221;#2b87da&#8221; background_color_gradient_end=&#8221;#29c4a9&#8243; background_color_gradient_type=&#8221;linear&#8221; background_color_gradient_direction=&#8221;180deg&#8221; background_color_gradient_direction_radial=&#8221;center&#8221; background_color_gradient_start_position=&#8221;0%&#8221; background_color_gradient_end_position=&#8221;100%&#8221; background_color_gradient_overlays_image=&#8221;off&#8221; parallax=&#8221;off&#8221; parallax_method=&#8221;on&#8221; background_size=&#8221;cover&#8221; background_position=&#8221;center&#8221; background_repeat=&#8221;no-repeat&#8221; background_blend=&#8221;normal&#8221; allow_player_pause=&#8221;off&#8221; background_video_pause_outside_viewport=&#8221;on&#8221; tab_text_shadow_style=&#8221;none&#8221; body_text_shadow_style=&#8221;none&#8221; hover_transition_duration=&#8221;300ms&#8221; hover_transition_delay=&#8221;0ms&#8221; hover_transition_speed_curve=&#8221;ease&#8221; tab_font=&#8221;||||||||&#8221; tab_text_shadow_horizontal_length=&#8221;0em&#8221; tab_text_shadow_vertical_length=&#8221;0em&#8221; tab_text_shadow_blur_strength=&#8221;0em&#8221; body_font=&#8221;||||||||&#8221; body_text_shadow_horizontal_length=&#8221;0em&#8221; body_text_shadow_vertical_length=&#8221;0em&#8221; body_text_shadow_blur_strength=&#8221;0em&#8221; \/][et_pb_tab _builder_version=&#8221;3.19.16&#8243; title=&#8221;Prueba de nivel&#8221; link_option_url_new_window=&#8221;off&#8221; use_background_color_gradient=&#8221;off&#8221; background_color_gradient_start=&#8221;#2b87da&#8221; background_color_gradient_end=&#8221;#29c4a9&#8243; background_color_gradient_type=&#8221;linear&#8221; background_color_gradient_direction=&#8221;180deg&#8221; background_color_gradient_direction_radial=&#8221;center&#8221; background_color_gradient_start_position=&#8221;0%&#8221; background_color_gradient_end_position=&#8221;100%&#8221; background_color_gradient_overlays_image=&#8221;off&#8221; parallax=&#8221;off&#8221; parallax_method=&#8221;on&#8221; background_size=&#8221;cover&#8221; background_position=&#8221;center&#8221; background_repeat=&#8221;no-repeat&#8221; background_blend=&#8221;normal&#8221; allow_player_pause=&#8221;off&#8221; background_video_pause_outside_viewport=&#8221;on&#8221; tab_text_shadow_style=&#8221;none&#8221; body_text_shadow_style=&#8221;none&#8221; hover_transition_duration=&#8221;300ms&#8221; hover_transition_delay=&#8221;0ms&#8221; hover_transition_speed_curve=&#8221;ease&#8221; tab_font=&#8221;||||||||&#8221; tab_text_shadow_horizontal_length=&#8221;0em&#8221; tab_text_shadow_vertical_length=&#8221;0em&#8221; tab_text_shadow_blur_strength=&#8221;0em&#8221; body_font=&#8221;||||||||&#8221; body_text_shadow_horizontal_length=&#8221;0em&#8221; body_text_shadow_vertical_length=&#8221;0em&#8221; body_text_shadow_blur_strength=&#8221;0em&#8221;]<\/p>\n<p><strong>\u00bfNo sabes cu\u00e1l es tu nivel real de espa\u00f1ol? \u00a1No te preocupes! <a href=\"https:\/\/clicbackup.platty.tech\/spanish-level-test\/\">Haz esta prueba<\/a> y desc\u00fabrelo.<\/strong><\/p>\n<p>[\/et_pb_tab][\/et_pb_tabs][\/et_pb_column_inner][\/et_pb_row_inner][\/et_pb_column][et_pb_column type=&#8221;1_4&#8243;][et_pb_text _builder_version=&#8221;3.19.16&#8243;]<\/p>\n<div class=\"senior_right\">\n<h3>Caracter\u00edsticas del curso<\/h3>\n<ul>\n<li>Contenidos adaptados a las necesidades del estudiante<\/li>\n<li>Horario flexible<\/li>\n<li>Disponible para todas las edades<\/li>\n<li>Disponible para los niveles desde A2 hasta B2<\/li>\n<\/ul>\n<\/div>\n<p>[\/et_pb_text][\/et_pb_column][\/et_pb_section][et_pb_section bb_built=&#8221;1&#8243; fullwidth=&#8221;on&#8221; prev_background_color=&#8221;#000000&#8243; next_background_color=&#8221;#000000&#8243; module_id=&#8221;secong_seperator&#8221; _builder_version=&#8221;3.19.16&#8243; background_size=&#8221;initial&#8221; background_position=&#8221;top_center&#8221;][et_pb_fullwidth_image _builder_version=&#8221;3.19.16&#8243; src=&#8221;https:\/\/clicbackup.platty.tech\/assets\/media\/2019\/02\/multicoloured_sep_4.jpg&#8221; \/][\/et_pb_section][et_pb_section bb_built=&#8221;1&#8243; prev_background_color=&#8221;#000000&#8243; module_id=&#8221;testimonials_&#8221; _builder_version=&#8221;3.19.16&#8243; next_background_color=&#8221;#000000&#8243; custom_padding=&#8221;0px|||&#8221;][et_pb_row _builder_version=&#8221;3.19.16&#8243; background_size=&#8221;initial&#8221; background_position=&#8221;top_left&#8221; background_repeat=&#8221;repeat&#8221; background_color_1=&#8221;#e53517&#8243;][et_pb_column type=&#8221;1_3&#8243;][et_pb_text admin_label=&#8221;Referencias&#8221; _builder_version=&#8221;3.19.16&#8243; background_color=&#8221;#007b56&#8243; custom_padding=&#8221;20px|20px|0px|20px&#8221; header_2_font_size=&#8221;35px&#8221; header_2_font_size_tablet=&#8221;28px&#8221; header_2_font_size_last_edited=&#8221;on|desktop&#8221; custom_margin=&#8221;||0px|&#8221; header_font=&#8221;Roboto|700|||||||&#8221; header_text_color=&#8221;#ffffff&#8221; header_font_size=&#8221;37px&#8221; header_2_text_color=&#8221;#ffffff&#8221;]<\/p>\n<h2>Referencias<\/h2>\n<p>[\/et_pb_text][et_pb_text admin_label=&#8221;Lo que dicen nuestros alumnos:&#8221; _builder_version=&#8221;3.19.16&#8243; background_color=&#8221;#007b56&#8243; custom_padding=&#8221;0px|20px|20px|20px&#8221; header_2_font_size=&#8221;37px&#8221; header_2_font_size_tablet=&#8221;28px&#8221; header_2_font_size_last_edited=&#8221;on|desktop&#8221; header_3_font=&#8221;Roboto|500|||||||&#8221; header_3_text_color=&#8221;#ffffff&#8221; header_3_font_size=&#8221;25px&#8221;]<\/p>\n<h3>Lo que dicen nuestros alumnos:<\/h3>\n<p>[\/et_pb_text][\/et_pb_column][et_pb_column type=&#8221;2_3&#8243;][\/et_pb_column][\/et_pb_row][\/et_pb_section][et_pb_section bb_built=&#8221;1&#8243; specialty=&#8221;off&#8221; prev_background_color=&#8221;#000000&#8243; _builder_version=&#8221;3.19.16&#8243; module_id=&#8221;testimonial_senior&#8221; custom_padding=&#8221;0px|||&#8221;][et_pb_row _builder_version=&#8221;3.19.16&#8243; module_id=&#8221;testimonial_senior&#8221; make_equal=&#8221;on&#8221; use_custom_gutter=&#8221;on&#8221;][et_pb_column type=&#8221;1_2&#8243;][et_pb_testimonial _builder_version=&#8221;3.19.16&#8243; author=&#8221;Fernanda Ribeiro&#8221; job_title=&#8221;Portuguese&#8221; portrait_url=&#8221;https:\/\/clicbackup.platty.tech\/assets\/media\/2019\/04\/Fernanda.png&#8221; quote_icon_background_color=&#8221;#f5f5f5&#8243; body_font=&#8221;Roboto||||||||&#8221; body_font_size=&#8221;16&#8243; quote_icon_color=&#8221;#007b56&#8243; body_text_color=&#8221;#000000&#8243; background_color=&#8221;Invalid Color&#8221; quote_icon=&#8221;off&#8221;]<\/p>\n<p class=\"senior_quote\"><img decoding=\"async\" src=\"https:\/\/clicbackup.platty.tech\/assets\/media\/2019\/02\/test-_arrow.jpg\"><br \/>Fue perfecto para m\u00ed debido a mi apretada agenda de trabajo. Con esto, control\u00e9 mis propias horas de estudio. Era f\u00e1cil de usar y me dieron un tutor con el que pod\u00eda contactarme por correo electr\u00f3nico o por tel\u00e9fono si ten\u00eda alguna pregunta. Definitivamente recomendar\u00eda el curso en l\u00ednea.<\/p>\n<p>[\/et_pb_testimonial][\/et_pb_column][et_pb_column type=&#8221;1_2&#8243;][et_pb_testimonial _builder_version=&#8221;3.19.16&#8243; author=&#8221;Letitia Stocker&#8221; job_title=&#8221;Canadian&#8221; portrait_url=&#8221;https:\/\/clicbackup.platty.tech\/assets\/media\/2019\/04\/Letitia-Stocker.png&#8221; quote_icon_background_color=&#8221;#f5f5f5&#8243; body_font=&#8221;Roboto||||||||&#8221; body_font_size=&#8221;16&#8243; quote_icon_color=&#8221;#007b56&#8243; body_text_color=&#8221;#000000&#8243; background_color=&#8221;Invalid Color&#8221; quote_icon=&#8221;off&#8221;]<\/p>\n<p class=\"senior_quote\"><img decoding=\"async\" src=\"https:\/\/clicbackup.platty.tech\/assets\/media\/2019\/02\/test-_arrow.jpg\"><br \/>El curso en l\u00ednea fue perfecto para m\u00ed porque pude dise\u00f1ar mi propio horario. Se dividi\u00f3 en diferentes secciones seg\u00fan la tarea, incluida la pronunciaci\u00f3n, as\u00ed como tutoriales orales y escritos.<\/p>\n<p>[\/et_pb_testimonial][\/et_pb_column][\/et_pb_row][\/et_pb_section]<\/p>\n","protected":false},"excerpt":{"rendered":"<p>Curso de espa\u00f1ol online en Sevilla \u00a1Un curso online dirigido por un tutor para guiarte en tu estudio! Curso de espa\u00f1ol online en Sevilla Nuestro curso de espa\u00f1ol online en Sevilla est\u00e1 especialmente dirigido para aquellas personas que quieren aprender o perfeccionar un idioma pero que no tienen la posibilidad de asistir a clase de manera constante por su trabajo o su situaci\u00f3n personal. Tambi\u00e9n est\u00e1 especialmente pensado para aquellas personas que prefieren aprender y trabajar un nuevo idioma desde la comodidad y la tranquilidad de sus casas. Cada curso est\u00e1 organizado en 10 m\u00f3dulos que se pueden reservar mediante la compra de paquetes cerrados de 5 m\u00f3dulos, por lo que no es necesario hacer una reserva inicial de la totalidad del curso, a menos que lo prefieras por una mayor comodidad. \u00a1Es una decisi\u00f3n totalmente tuya! El curso completo tiene una duraci\u00f3n de 12 meses, \u00a1todo un a\u00f1o de materiales y de aprendizaje del espa\u00f1ol! Lo que equivaldr\u00eda aproximadamente a unas 120-150 horas de trabajo para ti. Tambi\u00e9n, durante la realizaci\u00f3n del curso online, recibir\u00e1s dos informes detallados sobre la evoluci\u00f3n y el esfuerzo realizado hasta el momento. Adem\u00e1s de otro informe telef\u00f3nico al acabar cada una de las [&hellip;]<\/p>\n","protected":false},"author":62,"featured_media":0,"parent":33206,"menu_order":0,"comment_status":"closed","ping_status":"closed","template":"","meta":{"_acf_changed":false,"_et_pb_use_builder":"on","_et_pb_old_content":"","_et_gb_content_width":"","footnotes":""},"class_list":["post-39538","page","type-page","status-publish","hentry"],"acf":[],"_links":{"self":[{"href":"https:\/\/clicbackup.platty.tech\/es\/wp-json\/wp\/v2\/pages\/39538","targetHints":{"allow":["GET"]}}],"collection":[{"href":"https:\/\/clicbackup.platty.tech\/es\/wp-json\/wp\/v2\/pages"}],"about":[{"href":"https:\/\/clicbackup.platty.tech\/es\/wp-json\/wp\/v2\/types\/page"}],"author":[{"embeddable":true,"href":"https:\/\/clicbackup.platty.tech\/es\/wp-json\/wp\/v2\/users\/62"}],"replies":[{"embeddable":true,"href":"https:\/\/clicbackup.platty.tech\/es\/wp-json\/wp\/v2\/comments?post=39538"}],"version-history":[{"count":0,"href":"https:\/\/clicbackup.platty.tech\/es\/wp-json\/wp\/v2\/pages\/39538\/revisions"}],"up":[{"embeddable":true,"href":"https:\/\/clicbackup.platty.tech\/es\/wp-json\/wp\/v2\/pages\/33206"}],"wp:attachment":[{"href":"https:\/\/clicbackup.platty.tech\/es\/wp-json\/wp\/v2\/media?parent=39538"}],"curies":[{"name":"wp","href":"https:\/\/api.w.org\/{rel}","templated":true}]}}