{"id":40277,"date":"2019-11-15T09:31:26","date_gmt":"2019-11-15T08:31:26","guid":{"rendered":"https:\/\/clicbackup.platty.tech\/data-processing\/"},"modified":"2019-12-12T13:07:14","modified_gmt":"2019-12-12T12:07:14","slug":"tratamiento-datos","status":"publish","type":"page","link":"https:\/\/clicbackup.platty.tech\/es\/tratamiento-datos\/","title":{"rendered":"Tratamiento de Datos"},"content":{"rendered":"<p>[et_pb_section bb_built=&#8221;1&#8243;][et_pb_row][et_pb_column type=&#8221;4_4&#8243;][et_pb_text _builder_version=&#8221;3.19.16&#8243;]<\/p>\n<h1><span style=\"font-weight: 400;\">Tratamiento de Datos<\/span><\/h1>\n<p><span style=\"font-weight: 400;\">De conformidad con lo establecido en la normativa vigente en Protecci\u00f3n de Datos de Car\u00e1cter Personal, le informamos que sus datos ser\u00e1n incorporados a nuestros sistemas de tratamiento de datos<\/span><b>.<\/b><span style=\"font-weight: 400;\"> Ser\u00e1n incluidos dentro de ficheros automatizados bajo nuestra responsabilidad y descritos en nuestro registro de actividades. La finalidad es poder prestarle los servicios ofertados a trav\u00e9s del presente cuestionario, as\u00ed como la informaci\u00f3n solicitada. Todos los campos se\u00f1alados con asterisco son de obligada respuesta, la negativa a rellenarlos implica la imposibilidad de tramitar su registro. El usuario se hace responsable de la veracidad de los datos aportados.<\/span><\/p>\n<p><span style=\"font-weight: 400;\">El titular de los datos acepta que tratemos los datos necesarios para poder prestarle el servicio solicitado con fundamento jur\u00eddico en una relaci\u00f3n contractual y deber\u00e1 otorgar su consentimiento de modo expl\u00edcito para aquellos que no sean obligatorios antes de pulsar el bot\u00f3n \u201cenviar\u201d. El consentimiento podr\u00e1 ser revocado expresamente en cualquier momento.<\/span><\/p>\n<p><span style=\"font-weight: 400;\">Sus datos ser\u00e1n conservados durante el plazo estrictamente necesario para cumplir con la finalidad para la que han sido recabados y mientras persista su consentimiento y no haya sido revocado expresamente.<\/span><\/p>\n<p><span style=\"font-weight: 400;\">Sus datos ser\u00e1n compartidos por otras empresas del grupo \u201cclic international House\u201d cuando sea necesario para llevar a cabo la prestaci\u00f3n de servicios solicitada.<\/span><\/p>\n<p><span style=\"font-weight: 400;\">Usted tiene derecho a obtener confirmaci\u00f3n sobre si en \u201cclic international House\u201d<\/span> <span style=\"font-weight: 400;\">estamos tratando sus datos personales; por tanto, puede ejercer los derechos de acceso, rectificaci\u00f3n, limitaci\u00f3n de tratamiento, supresi\u00f3n, portabilidad y oposici\u00f3n al tratamiento de sus datos de car\u00e1cter personal, dirigi\u00e9ndose al correo electr\u00f3nico <\/span><span style=\"font-weight: 400;\">info@clic.es<\/span><span style=\"font-weight: 400;\">.<\/span><\/p>\n<p><span style=\"font-weight: 400;\">Solicitamos su autorizaci\u00f3n para el env\u00edo en todos los formatos existentes (SMS, email, correo postal o cualquier otro medio electr\u00f3nico) , de mensajes comerciales, promocionales, publicidad y\/o documentos\u00a0 para la correcta ejecuci\u00f3n del servicio prestado, o que consideramos puedan ser de tu inter\u00e9s, a partir del estudio y segmentaci\u00f3n los datos recabados durante la navegaci\u00f3n por el website, de los datos proporcionados mediante la cumplimentaci\u00f3n de cualquier formulario, as\u00ed como los derivados de la relaci\u00f3n comercial o prestaci\u00f3n de servicios solicitados.<\/span><\/p>\n<p>[\/et_pb_text][\/et_pb_column][\/et_pb_row][\/et_pb_section]<\/p>\n","protected":false},"excerpt":{"rendered":"<div class=\"et_pb_row et_pb_row_0 et_pb_row_empty\"><\/div>\n<p> Tratamiento de Datos De conformidad con lo establecido en la normativa vigente en Protecci\u00f3n de Datos de Car\u00e1cter Personal, le informamos que sus datos ser\u00e1n incorporados a nuestros sistemas de tratamiento de datos. Ser\u00e1n incluidos dentro de ficheros automatizados bajo nuestra responsabilidad y descritos en nuestro registro de actividades. La finalidad es poder prestarle los servicios ofertados a trav\u00e9s del presente cuestionario, as\u00ed como la informaci\u00f3n solicitada. Todos los campos se\u00f1alados con asterisco son de obligada respuesta, la negativa a rellenarlos implica la imposibilidad de tramitar su registro. El usuario se hace responsable de la veracidad de los datos aportados. El titular de los datos acepta que tratemos los datos necesarios para poder prestarle el servicio solicitado con fundamento jur\u00eddico en una relaci\u00f3n contractual y deber\u00e1 otorgar su consentimiento de modo expl\u00edcito para aquellos que no sean obligatorios antes de pulsar el bot\u00f3n \u201cenviar\u201d. El consentimiento podr\u00e1 ser revocado expresamente en cualquier momento. Sus datos ser\u00e1n conservados durante el plazo estrictamente necesario para cumplir con la finalidad para la que han sido recabados y mientras persista su consentimiento y no haya sido revocado expresamente. Sus datos ser\u00e1n compartidos por otras empresas del grupo \u201cclic international House\u201d cuando sea necesario [&hellip;]<\/p>\n","protected":false},"author":62,"featured_media":0,"parent":0,"menu_order":0,"comment_status":"closed","ping_status":"closed","template":"","meta":{"_acf_changed":false,"_et_pb_use_builder":"on","_et_pb_old_content":"","_et_gb_content_width":"","footnotes":""},"class_list":["post-40277","page","type-page","status-publish","hentry"],"acf":[],"_links":{"self":[{"href":"https:\/\/clicbackup.platty.tech\/es\/wp-json\/wp\/v2\/pages\/40277","targetHints":{"allow":["GET"]}}],"collection":[{"href":"https:\/\/clicbackup.platty.tech\/es\/wp-json\/wp\/v2\/pages"}],"about":[{"href":"https:\/\/clicbackup.platty.tech\/es\/wp-json\/wp\/v2\/types\/page"}],"author":[{"embeddable":true,"href":"https:\/\/clicbackup.platty.tech\/es\/wp-json\/wp\/v2\/users\/62"}],"replies":[{"embeddable":true,"href":"https:\/\/clicbackup.platty.tech\/es\/wp-json\/wp\/v2\/comments?post=40277"}],"version-history":[{"count":0,"href":"https:\/\/clicbackup.platty.tech\/es\/wp-json\/wp\/v2\/pages\/40277\/revisions"}],"wp:attachment":[{"href":"https:\/\/clicbackup.platty.tech\/es\/wp-json\/wp\/v2\/media?parent=40277"}],"curies":[{"name":"wp","href":"https:\/\/api.w.org\/{rel}","templated":true}]}}