{"id":40317,"date":"2019-11-15T10:12:30","date_gmt":"2019-11-15T09:12:30","guid":{"rendered":"https:\/\/clicbackup.platty.tech\/contract-conditions-efg-seville\/"},"modified":"2019-11-15T10:20:11","modified_gmt":"2019-11-15T09:20:11","slug":"condiciones-contratacion-efg-seville","status":"publish","type":"page","link":"https:\/\/clicbackup.platty.tech\/es\/condiciones-contratacion-efg-seville\/","title":{"rendered":"Condiciones contrataci\u00f3n EFG Sevilla"},"content":{"rendered":"<p>[et_pb_section bb_built=&#8221;1&#8243;][et_pb_row][et_pb_column type=&#8221;4_4&#8243;][et_pb_text _builder_version=&#8221;3.19.16&#8243;]<\/p>\n<h1><span style=\"font-weight: 400;\">Condiciones contrataci\u00f3n EFG Sevilla<\/span><\/h1>\n<p><span style=\"font-weight: 400;\">Normas que regulan el presente contrato<\/span><\/p>\n<p><span style=\"font-weight: 400;\">1.El Centro se compromete a impartir los cursos seg\u00fan la informaci\u00f3n contenida en los folletos informativos.<\/span><\/p>\n<ol start=\"2\">\n<li><span style=\"font-weight: 400;\"> Una hora lectiva equivale a 55 minutos de clase. El estudiante deber\u00e1 estar en el Centro unos minutos antes del comienzo de su clase.<\/span><\/li>\n<li><span style=\"font-weight: 400;\"> El n\u00famero m\u00e1ximo de alumnos por clase es de 12.<\/span><\/li>\n<li><span style=\"font-weight: 400;\"> Los d\u00edas festivos y los per\u00edodos no lectivos de Navidad, Semana Santa y Feria se consideran parte del curso acad\u00e9mico y no ser\u00e1n recuperados.<\/span><\/li>\n<li><span style=\"font-weight: 400;\"> Al realizar la inscripci\u00f3n se abonar\u00e1 la matr\u00edcula m\u00e1s el primer pago de la modalidad seleccionada (en caso de pagos mensuales el primer pago ser\u00e1 equivalente a 2 mensualidades). Los pagos restantes se abonar\u00e1n la primera semana del mes que corresponda seg\u00fan la modalidad elegida (completo, fraccionado o mensual en el caso de ni\u00f1os). Los importes de cada plazo y sus correspondientes fechas de pago ser\u00e1n indicados en la hoja de inscripci\u00f3n que se entregar\u00e1 al alumno en el momento de la matriculaci\u00f3n.<\/span><\/li>\n<li><span style=\"font-weight: 400;\"> Una vez seleccionada la forma de pago no se aceptar\u00e1 cambio alguno.<\/span><\/li>\n<li><span style=\"font-weight: 400;\"> El Centro se reserva el derecho de no comenzar o interrumpir un curso si el n\u00famero de estudiantes del mismo es inferior a 5. En este \u00faltimo caso, comunicar\u00e1 su decisi\u00f3n antes de finalizar el mes, devolviendo la parte proporcional de los honorarios pagados.<\/span><\/li>\n<li><span style=\"font-weight: 400;\"> Aquellos alumnos que comuniquen su baja con m\u00e1s de 15 d\u00edas antes del inicio del curso podr\u00e1n recuperar el importe abonado por matr\u00edcula\/reserva. En caso de resoluci\u00f3n del contrato con menos de 15 d\u00edas de antelaci\u00f3n al comienzo del curso o una vez empezado, no habr\u00e1 derecho a devoluci\u00f3n de cantidades previamente abonadas.<\/span><\/li>\n<\/ol>\n<h1><\/h1>\n<h2><span style=\"font-weight: 400;\">Anexo<\/span><\/h2>\n<p><span style=\"font-weight: 400;\">&#8211; La metodolog\u00eda de ense\u00f1anza aplicada se basa en el uso del idioma de aprendizaje en la clase, incidiendo, en particular, en las pr\u00e1cticas que desarrollan la expresi\u00f3n y la comprensi\u00f3n oral y escrita.<\/span><\/p>\n<p><span style=\"font-weight: 400;\">&#8211; El libro de texto \/ ejercicios no est\u00e1 incluido en esta matr\u00edcula.<\/span><\/p>\n<p><span style=\"font-weight: 400;\">&#8211; El material de clase creado y, en su caso, entregado por el profesor est\u00e1 incluido.<\/span><\/p>\n<p><span style=\"font-weight: 400;\">&#8211; La actividad de ense\u00f1anza privada, no reglada, de idiomas no est\u00e1 sujeta a reconocimiento oficial ni a la autorizaci\u00f3n de la Consejer\u00eda de Educaci\u00f3n de la Junta de Andaluc\u00eda, por lo tanto; la ense\u00f1anza y la titulaci\u00f3n son de car\u00e1cter privado no oficial.<\/span><\/p>\n<p><span style=\"font-weight: 400;\">&#8211; El Centro prepara a los estudiantes para realizar ex\u00e1menes conducentes a la obtenci\u00f3n de t\u00edtulos y diplomas internacionalmente reconocidos.<\/span><\/p>\n<h1><\/h1>\n<h2><span style=\"font-weight: 400;\">Ley de Protecci\u00f3n de Datos<\/span><\/h2>\n<p><span style=\"font-weight: 400;\">En cumplimiento de la Ley Org\u00e1nica de Protecci\u00f3n de Datos Personales, die ih Sevilla, le informa de que sus datos personales (y en su caso el de las personas de contacto de su organizaci\u00f3n) han sido incorporados al fichero de administraci\u00f3n y organizaci\u00f3n del centro.<\/span><\/p>\n<p><span style=\"font-weight: 400;\">La finalidad del presente fichero es poder realizar una eficaz gesti\u00f3n de los servicios prestados a nuestros alumnos y personal. Dichos datos personales no ser\u00e1n cedidos a ning\u00fan tipo de organizaci\u00f3n, ni p\u00fablica ni privada, salvo en los casos que establece la orden del ministerio de justicia 484\/2003, quedando bajo la plena responsabilidad del centro, los afectados podr\u00e1n ejercitar los derechos de acceso, rectificaci\u00f3n, cancelaci\u00f3n y oposici\u00f3n, frente al responsable del fichero en la direcci\u00f3n: e\/ Albareda, 19. 41001 Sevilla.<\/span><\/p>\n<h1><\/h1>\n<h2><span style=\"font-weight: 400;\">Derecho de desistimiento<\/span><\/h2>\n<p><span style=\"font-weight: 400;\">El consumidor podr\u00e1 ejercitar su derecho de desistimiento en el plazo de catorce d\u00edas naturales contados desde el d\u00eda de la celebraci\u00f3n del contrato.<\/span><\/p>\n<p><span style=\"font-weight: 400;\">Requisitos, consecuencias del ejercicio del derecho de desistimiento y modalidades de restituci\u00f3n:<\/span><\/p>\n<p><span style=\"font-weight: 400;\">Antes de que venza el plazo de desistimiento, el consumidor y usuario comunicar\u00e1 <\/span><b>a CLIC Servicios Ling\u00fc\u00edsticos S.L<\/b><span style=\"font-weight: 400;\"> con N.I.F: B-91066662 su decisi\u00f3n de desistir del contrato. A tal efecto, el consumidor y usuario podr\u00e1 utilizar el modelo de formulario de desistimiento que se adjunta a continuaci\u00f3n; o bien realizar otro tipo de declaraci\u00f3n inequ\u00edvoca en la que se\u00f1ale su decisi\u00f3n de desistir del contrato.<\/span><\/p>\n<ul>\n<li style=\"font-weight: 400;\"><span style=\"font-weight: 400;\">El consumidor y usuario habr\u00e1 ejercido su derecho de desistimiento dentro del plazo contemplado se\u00f1alado en el apartado anterior, cuando haya enviado la comunicaci\u00f3n relativa al ejercicio del derecho de desistimiento antes de que finalice dicho plazo. Para determinar la observancia del plazo para desistir se tendr\u00e1 en cuenta la fecha de expedici\u00f3n de la declaraci\u00f3n de desistimiento.<\/span><\/li>\n<li style=\"font-weight: 400;\"><b>CLIC Servicios Ling\u00fc\u00edsticos S.L <\/b><span style=\"font-weight: 400;\">reembolsar\u00e1 todo pago recibido del consumidor y usuario, incluidos, en su caso, los costes de entrega, antes de que hayan transcurrido 14 d\u00edas naturales desde la fecha en que haya sido informado de la decisi\u00f3n de desistimiento del contrato del consumidor y usuario.<\/span><\/li>\n<li style=\"font-weight: 400;\"><span style=\"font-weight: 400;\">No obstante, lo dispuesto en el apartado anterior, en caso de que el consumidor y usuario haya seleccionado expresamente una modalidad de entrega diferente a la modalidad menos costosa de entrega ordinaria, el empresario no estar\u00e1 obligado a reembolsar los costes adicionales que de ello se deriven.<\/span><\/li>\n<\/ul>\n<h1><\/h1>\n<h2><span style=\"font-weight: 400;\">Formulario de Desestimiento<\/span><\/h2>\n<p><span style=\"font-weight: 400;\">(S\u00f3lo debe cumplimentar y enviar el presente formulario si desea desistir del contrato)<\/span><\/p>\n<p><span style=\"font-weight: 400;\">\u2013 A la atenci\u00f3n de <\/span><b>CLIC Servicios Ling\u00fc\u00edsticos S.L<\/b><span style=\"font-weight: 400;\">, con N.I.F.: B-91066662<\/span><\/p>\n<p><span style=\"font-weight: 400;\">Correo electr\u00f3nico:<\/span><span style=\"font-weight: 400;\"> academia@clic.es<\/span><\/p>\n<p><span style=\"font-weight: 400;\">\u2013 Por la presente se le comunica el desistimiento de nuestro contrato de prestaci\u00f3n del siguiente servicio\/venta:<\/span><\/p>\n<p><span style=\"font-weight: 400;\">\u2013 Nombre del consumidor y usuario o de los consumidores y usuarios:<\/span><\/p>\n<p><span style=\"font-weight: 400;\">\u2013 Domicilio del consumidor y usuario o de los consumidores y usuarios:<\/span><\/p>\n<p><span style=\"font-weight: 400;\">\u2013 Firma del consumidor y usuario o de los consumidores y usuarios (solo si el presente formulario se presenta en papel)<\/span><\/p>\n<p><span style=\"font-weight: 400;\">\u2013 Fecha<\/span>[\/et_pb_text][\/et_pb_column][\/et_pb_row][\/et_pb_section]<\/p>\n","protected":false},"excerpt":{"rendered":"<div class=\"et_pb_row et_pb_row_0 et_pb_row_empty\"><\/div>\n<p>Condiciones contrataci\u00f3n EFG Sevilla Normas que regulan el presente contrato 1.El Centro se compromete a impartir los cursos seg\u00fan la informaci\u00f3n contenida en los folletos informativos. Una hora lectiva equivale a 55 minutos de clase. El estudiante deber\u00e1 estar en el Centro unos minutos antes del comienzo de su clase. El n\u00famero m\u00e1ximo de alumnos por clase es de 12. Los d\u00edas festivos y los per\u00edodos no lectivos de Navidad, Semana Santa y Feria se consideran parte del curso acad\u00e9mico y no ser\u00e1n recuperados. Al realizar la inscripci\u00f3n se abonar\u00e1 la matr\u00edcula m\u00e1s el primer pago de la modalidad seleccionada (en caso de pagos mensuales el primer pago ser\u00e1 equivalente a 2 mensualidades). Los pagos restantes se abonar\u00e1n la primera semana del mes que corresponda seg\u00fan la modalidad elegida (completo, fraccionado o mensual en el caso de ni\u00f1os). Los importes de cada plazo y sus correspondientes fechas de pago ser\u00e1n indicados en la hoja de inscripci\u00f3n que se entregar\u00e1 al alumno en el momento de la matriculaci\u00f3n. Una vez seleccionada la forma de pago no se aceptar\u00e1 cambio alguno. El Centro se reserva el derecho de no comenzar o interrumpir un curso si el n\u00famero de estudiantes del mismo es [&hellip;]<\/p>\n","protected":false},"author":62,"featured_media":0,"parent":0,"menu_order":0,"comment_status":"closed","ping_status":"closed","template":"","meta":{"_acf_changed":false,"_et_pb_use_builder":"on","_et_pb_old_content":"","_et_gb_content_width":"","footnotes":""},"class_list":["post-40317","page","type-page","status-publish","hentry"],"acf":[],"_links":{"self":[{"href":"https:\/\/clicbackup.platty.tech\/es\/wp-json\/wp\/v2\/pages\/40317","targetHints":{"allow":["GET"]}}],"collection":[{"href":"https:\/\/clicbackup.platty.tech\/es\/wp-json\/wp\/v2\/pages"}],"about":[{"href":"https:\/\/clicbackup.platty.tech\/es\/wp-json\/wp\/v2\/types\/page"}],"author":[{"embeddable":true,"href":"https:\/\/clicbackup.platty.tech\/es\/wp-json\/wp\/v2\/users\/62"}],"replies":[{"embeddable":true,"href":"https:\/\/clicbackup.platty.tech\/es\/wp-json\/wp\/v2\/comments?post=40317"}],"version-history":[{"count":0,"href":"https:\/\/clicbackup.platty.tech\/es\/wp-json\/wp\/v2\/pages\/40317\/revisions"}],"wp:attachment":[{"href":"https:\/\/clicbackup.platty.tech\/es\/wp-json\/wp\/v2\/media?parent=40317"}],"curies":[{"name":"wp","href":"https:\/\/api.w.org\/{rel}","templated":true}]}}