{"id":40331,"date":"2019-11-15T10:26:17","date_gmt":"2019-11-15T09:26:17","guid":{"rendered":"https:\/\/clicbackup.platty.tech\/contract-conditions-fele-seville-malaga\/"},"modified":"2019-12-12T12:38:59","modified_gmt":"2019-12-12T11:38:59","slug":"condiciones-contratacion-fele-sevilla-malaga","status":"publish","type":"page","link":"https:\/\/clicbackup.platty.tech\/es\/condiciones-contratacion-fele-sevilla-malaga\/","title":{"rendered":"Condiciones Contrataci\u00f3n (FELE Sevilla y M\u00e1laga)"},"content":{"rendered":"<p>[et_pb_section bb_built=&#8221;1&#8243;][et_pb_row][et_pb_column type=&#8221;4_4&#8243;][et_pb_text _builder_version=&#8221;3.19.16&#8243;]<\/p>\n<h1><span style=\"font-weight: 400;\">Condiciones contrataci\u00f3n FELE Sevilla y M\u00e1laga<\/span><\/h1>\n<p><b>Condiciones del curso:<\/b><\/p>\n<ol>\n<li><span style=\"font-weight: 400;\"> \u00a0 <\/span><span style=\"font-weight: 400;\">Antes de confirmar la plaza se realizar\u00e1 una entrevista con personal del departamento de Formaci\u00f3n de Profesores a efectos de acordar si el curso se ajusta al perfil y a las necesidades del candidato.<\/span><\/li>\n<li><span style=\"font-weight: 400;\">Los cursos constan de un n\u00famero limitado de participantes; en caso de no haber llegado al m\u00ednimo dos semanas antes del comienzo del curso, la escuela se reserva el derecho de cancelaci\u00f3n en cuyo caso se devolver\u00e1 la totalidad del importe satisfecho.<\/span><\/li>\n<li><span style=\"font-weight: 400;\"> \u00a0 <\/span><span style=\"font-weight: 400;\">Se establece un dep\u00f3sito de 250 euros en concepto de reserva del curso, deducible del precio final del mismo. Sin el abono de dicho dep\u00f3sito no se har\u00e1 efectiva la reserva de la plaza. El resto del importe del curso deber\u00e1 estar abonado veinte d\u00edas antes del comienzo del mismo.<\/span><\/li>\n<li><span style=\"font-weight: 400;\"> \u00a0 \u00a0 <\/span><span style=\"font-weight: 400;\">Las anulaciones deben de formularse expresamente por escrito a <\/span><span style=\"font-weight: 400;\">admin@clic.es<\/span><span style=\"font-weight: 400;\">.<\/span><\/li>\n<li><span style=\"font-weight: 400;\"> \u00a0 <\/span><span style=\"font-weight: 400;\">Si existe cancelaci\u00f3n en un plazo superior a 20 d\u00edas anteriores al comienzo del curso, el Centro reembolsar\u00e1 al estudiante la totalidad del pago del curso excepto el dep\u00f3sito.<\/span><\/li>\n<li><span style=\"font-weight: 400;\">Si la anulaci\u00f3n se produce entre 20 y 10 d\u00edas antes del comienzo del curso se devolver\u00e1 el 50% del importe total del curso<\/span><\/li>\n<li><span style=\"font-weight: 400;\"> \u00a0 <\/span><span style=\"font-weight: 400;\">En ning\u00fan caso, con una anterioridad inferior a 10 d\u00edas o una vez comenzado el curso, se efectuar\u00e1 ninguna devoluci\u00f3n.<\/span><\/li>\n<li><span style=\"font-weight: 400;\"> \u00a0 <\/span><span style=\"font-weight: 400;\">El importe de la reserva no ser\u00e1 en ning\u00fan caso devuelto pero s\u00ed podr\u00e1 ser transferido a otro curso de formaci\u00f3n presencial de profesores en el plazo de un a\u00f1o, respetando los precios establecidos para cada convocatoria.<\/span><\/li>\n<li><span style=\"font-weight: 400;\">La escuela se reserva el derecho de admisi\u00f3n y cese ante problemas que puedan afectar a la buena marcha del curso.<\/span><\/li>\n<li><span style=\"font-weight: 400;\">La escuela entregar\u00e1 un certificado al finalizar el curso acompa\u00f1ado de un informe detallado y personalizado con la valoraci\u00f3n final de Apto\/No Apto, si se cumple al menos un 80% de asistencia en la parte de metodolog\u00eda y un 100% de la parte pr\u00e1ctica (Esto incluye: preparaci\u00f3n, observaci\u00f3n profesores, impartici\u00f3n clases y tutor\u00edas).<\/span><\/li>\n<\/ol>\n<p><b>Condiciones del alojamiento:<\/b><\/p>\n<p><b>\u00a0<\/b><\/p>\n<ol>\n<li><b><\/b><span style=\"font-weight: 400;\"> \u00a0 <\/span> <span style=\"font-weight: 400;\">Se establece un dep\u00f3sito de 200 euros en concepto de reserva del alojamiento. Sin el abono de dicho dep\u00f3sito no se har\u00e1 efectiva la reserva. El resto del importe deber\u00e1 estar abonado 20 d\u00edas antes de la llegada. Este dep\u00f3sito no se devuelve en caso de cancelaci\u00f3n por parte del alumno.<\/span><\/li>\n<li><span style=\"font-weight: 400;\">Si la cancelaci\u00f3n se produce en un plazo inferior a 20 d\u00edas antes del comienzo del curso no habr\u00e1 devoluci\u00f3n alguna.<\/span><\/li>\n<li><span style=\"font-weight: 400;\">Si se cancela el alojamiento una vez comenzado el curso se devolver\u00e1 el importe restante no utilizado excepto las dos semanas siguientes al aviso.<\/span><\/li>\n<\/ol>\n<h1>\u00a0<\/h1>\n<h2><span style=\"font-weight: 400;\">Derecho de desistimiento<\/span><\/h2>\n<p><span style=\"font-weight: 400;\">El consumidor podr\u00e1 ejercitar su derecho de desistimiento en el plazo de catorce d\u00edas naturales contados desde el d\u00eda de la celebraci\u00f3n del contrato.<\/span><\/p>\n<p><span style=\"font-weight: 400;\">Requisitos, consecuencias del ejercicio del derecho de desistimiento y modalidades de restituci\u00f3n:<\/span><\/p>\n<p><span style=\"font-weight: 400;\">Antes de que venza el plazo de desistimiento, el consumidor y usuario comunicar\u00e1 <\/span><b>a <\/b><b>CLIC Centro de Lenguas e Intercambio Cultural S.L.<\/b><span style=\"font-weight: 400;\"> con N.I.F: <\/span><span style=\"font-weight: 400;\">B-41454927 <\/span><span style=\"font-weight: 400;\">su decisi\u00f3n de desistir del contrato. A tal efecto, el consumidor y usuario podr\u00e1 utilizar el modelo de formulario de desistimiento que se adjunta a continuaci\u00f3n; o bien realizar otro tipo de declaraci\u00f3n inequ\u00edvoca en la que se\u00f1ale su decisi\u00f3n de desistir del contrato.<\/span><\/p>\n<ul>\n<li style=\"font-weight: 400;\"><span style=\"font-weight: 400;\">El consumidor y usuario habr\u00e1 ejercido su derecho de desistimiento dentro del plazo contemplado se\u00f1alado en el apartado anterior, cuando haya enviado la comunicaci\u00f3n relativa al ejercicio del derecho de desistimiento antes de que finalice dicho plazo. Para determinar la observancia del plazo para desistir se tendr\u00e1 en cuenta la fecha de expedici\u00f3n de la declaraci\u00f3n de desistimiento.<\/span><\/li>\n<li style=\"font-weight: 400;\"><b>CLIC Centro de Lenguas e Intercambio Cultural S.L. <\/b><span style=\"font-weight: 400;\">reembolsar\u00e1 todo pago recibido del consumidor y usuario, incluidos, en su caso, los costes de entrega, antes de que hayan transcurrido 14 d\u00edas naturales desde la fecha en que haya sido informado de la decisi\u00f3n de desistimiento del contrato del consumidor y usuario.<\/span><\/li>\n<li style=\"font-weight: 400;\"><span style=\"font-weight: 400;\">No obstante, lo dispuesto en el apartado anterior, en caso de que el consumidor y usuario haya seleccionado expresamente una modalidad de entrega diferente a la modalidad menos costosa de entrega ordinaria, el empresario no estar\u00e1 obligado a reembolsar los costes adicionales que de ello se deriven.<\/span><\/li>\n<\/ul>\n<h1>\u00a0<\/h1>\n<h2><span style=\"font-weight: 400;\">Formulario de Desestimiento<\/span><\/h2>\n<p><span style=\"font-weight: 400;\">(S\u00f3lo debe cumplimentar y enviar el presente formulario si desea desistir del contrato)<\/span><\/p>\n<p><span style=\"font-weight: 400;\">\u2013 A la atenci\u00f3n de<\/span> <b>CLIC Centro de Lenguas e Intercambio Cultural S.L.<\/b><span style=\"font-weight: 400;\">, con N.I.F.: <\/span><span style=\"font-weight: 400;\">B-41454927<\/span><\/p>\n<p><span style=\"font-weight: 400;\">Correo electr\u00f3nico:<\/span><span style=\"font-weight: 400;\"> admin@clic.es<\/span><\/p>\n<p><span style=\"font-weight: 400;\">\u2013 Por la presente se le comunica el desistimiento de nuestro contrato de prestaci\u00f3n del siguiente servicio\/venta:<\/span><\/p>\n<p><span style=\"font-weight: 400;\">\u2013 Nombre del consumidor y usuario o de los consumidores y usuarios:<\/span><\/p>\n<p><span style=\"font-weight: 400;\">\u2013 Domicilio del consumidor y usuario o de los consumidores y usuarios:<\/span><\/p>\n<p><span style=\"font-weight: 400;\">\u2013 Firma del consumidor y usuario o de los consumidores y usuarios (solo si el presente formulario se presenta en papel)<\/span><\/p>\n<p><span style=\"font-weight: 400;\">\u2013 Fecha<\/span><\/p>\n<p>[\/et_pb_text][\/et_pb_column][\/et_pb_row][\/et_pb_section]<\/p>\n","protected":false},"excerpt":{"rendered":"<div class=\"et_pb_row et_pb_row_0 et_pb_row_empty\"><\/div>\n<p> Condiciones contrataci\u00f3n FELE Sevilla y M\u00e1lagaCondiciones del curso: \u00a0 Antes de confirmar la plaza se realizar\u00e1 una entrevista con personal del departamento de Formaci\u00f3n de Profesores a efectos de acordar si el curso se ajusta al perfil y a las necesidades del candidato.Los cursos constan de un n\u00famero limitado de participantes; en caso de no haber llegado al m\u00ednimo dos semanas antes del comienzo del curso, la escuela se reserva el derecho de cancelaci\u00f3n en cuyo caso se devolver\u00e1 la totalidad del importe satisfecho. \u00a0 Se establece un dep\u00f3sito de 250 euros en concepto de reserva del curso, deducible del precio final del mismo. Sin el abono de dicho dep\u00f3sito no se har\u00e1 efectiva la reserva de la plaza. El resto del importe del curso deber\u00e1 estar abonado veinte d\u00edas antes del comienzo del mismo. \u00a0 \u00a0 Las anulaciones deben de formularse expresamente por escrito a admin@clic.es. \u00a0 Si existe cancelaci\u00f3n en un plazo superior a 20 d\u00edas anteriores al comienzo del curso, el Centro reembolsar\u00e1 al estudiante la totalidad del pago del curso excepto el dep\u00f3sito.Si la anulaci\u00f3n se produce entre 20 y 10 d\u00edas antes del comienzo del curso se devolver\u00e1 el 50% del importe total del [&hellip;]<\/p>\n","protected":false},"author":62,"featured_media":0,"parent":0,"menu_order":0,"comment_status":"closed","ping_status":"closed","template":"","meta":{"_acf_changed":false,"_et_pb_use_builder":"on","_et_pb_old_content":"","_et_gb_content_width":"","footnotes":""},"class_list":["post-40331","page","type-page","status-publish","hentry"],"acf":[],"_links":{"self":[{"href":"https:\/\/clicbackup.platty.tech\/es\/wp-json\/wp\/v2\/pages\/40331","targetHints":{"allow":["GET"]}}],"collection":[{"href":"https:\/\/clicbackup.platty.tech\/es\/wp-json\/wp\/v2\/pages"}],"about":[{"href":"https:\/\/clicbackup.platty.tech\/es\/wp-json\/wp\/v2\/types\/page"}],"author":[{"embeddable":true,"href":"https:\/\/clicbackup.platty.tech\/es\/wp-json\/wp\/v2\/users\/62"}],"replies":[{"embeddable":true,"href":"https:\/\/clicbackup.platty.tech\/es\/wp-json\/wp\/v2\/comments?post=40331"}],"version-history":[{"count":0,"href":"https:\/\/clicbackup.platty.tech\/es\/wp-json\/wp\/v2\/pages\/40331\/revisions"}],"wp:attachment":[{"href":"https:\/\/clicbackup.platty.tech\/es\/wp-json\/wp\/v2\/media?parent=40331"}],"curies":[{"name":"wp","href":"https:\/\/api.w.org\/{rel}","templated":true}]}}