{"id":41564,"date":"2019-11-20T06:25:49","date_gmt":"2019-11-20T05:25:49","guid":{"rendered":"https:\/\/clicbackup.platty.tech\/malaga\/cursos\/book-now-malaga\/"},"modified":"2020-07-21T09:38:39","modified_gmt":"2020-07-21T07:38:39","slug":"reserva","status":"publish","type":"page","link":"https:\/\/clicbackup.platty.tech\/es\/malaga\/cursos\/reserva\/","title":{"rendered":"Reserva ahora en M\u00e1laga"},"content":{"rendered":"<p>[et_pb_section bb_built=&#8221;1&#8243; _builder_version=&#8221;3.19.16&#8243; module_id=&#8221;book-now-scm&#8221;][et_pb_row _builder_version=&#8221;3.19.16&#8243; module_alignment=&#8221;center&#8221; width_unit=&#8221;off&#8221;][et_pb_column type=&#8221;4_4&#8243;][et_pb_text _builder_version=&#8221;3.19.16&#8243; header_font=&#8221;Roboto|700|||||||&#8221; header_font_size=&#8221;37px&#8221;]<\/p>\n<h1>Reserva ahora (M\u00e1laga)<\/h1>\n<p>[\/et_pb_text][\/et_pb_column][\/et_pb_row][et_pb_row _builder_version=&#8221;3.19.16&#8243; background_color_1=&#8221;#f37b05&#8243; background_color_2=&#8221;#f37b05&#8243; background_color_3=&#8221;#f37b05&#8243; module_alignment=&#8221;center&#8221; make_equal=&#8221;on&#8221; padding_top_1=&#8221;30px&#8221; padding_right_1=&#8221;30px&#8221; padding_bottom_1=&#8221;30px&#8221; padding_left_1=&#8221;30px&#8221; padding_top_2=&#8221;30px&#8221; padding_right_2=&#8221;30px&#8221; padding_bottom_2=&#8221;30px&#8221; padding_left_2=&#8221;30px&#8221; padding_top_3=&#8221;30px&#8221; padding_right_3=&#8221;30px&#8221; padding_bottom_3=&#8221;30px&#8221; padding_left_3=&#8221;30px&#8221; padding_top_4=&#8221;30px&#8221; padding_right_4=&#8221;30px&#8221; padding_bottom_4=&#8221;30px&#8221; padding_left_4=&#8221;30px&#8221;][et_pb_column type=&#8221;1_3&#8243;][et_pb_text _builder_version=&#8221;3.19.16&#8243; header_3_font=&#8221;Roboto|500|||||||&#8221; header_3_text_color=&#8221;#ffffff&#8221; header_3_font_size=&#8221;25px&#8221; text_orientation=&#8221;center&#8221; header_text_align=&#8221;center&#8221; header_3_text_align=&#8221;center&#8221;]<\/p>\n<h3>Cursos de Espa\u00f1ol<\/h3>\n<p>[\/et_pb_text][et_pb_button _builder_version=&#8221;3.19.16&#8243; button_text=&#8221;Reservar ahora&#8221; button_url=&#8221;https:\/\/clicbackup.platty.tech\/es\/malaga\/cursos\/espanol\/reserva\/&#8221; button_alignment=&#8221;center&#8221; custom_button=&#8221;on&#8221; button_text_size=&#8221;16&#8243; button_text_color=&#8221;#ffffff&#8221; button_bg_color=&#8221;#f37b05&#8243; button_border_color=&#8221;#ffffff&#8221; button_border_radius=&#8221;0&#8243; button_font=&#8221;Roboto||||||||&#8221; \/][\/et_pb_column][et_pb_column type=&#8221;1_3&#8243;][et_pb_text _builder_version=&#8221;3.19.16&#8243; header_3_font=&#8221;Roboto|500|||||||&#8221; header_3_text_color=&#8221;#ffffff&#8221; header_3_font_size=&#8221;25px&#8221; text_orientation=&#8221;center&#8221; header_text_align=&#8221;center&#8221;]<\/p>\n<h3>Cursos de formaci\u00f3n del profesorado de espa\u00f1ol<\/h3>\n<p>[\/et_pb_text][et_pb_button _builder_version=&#8221;3.19.16&#8243; button_text=&#8221;Reservar ahora&#8221; button_url=&#8221;https:\/\/clicbackup.platty.tech\/es\/malaga\/cursos\/formacion-profesores-espanol\/reserva\/&#8221; button_alignment=&#8221;center&#8221; custom_button=&#8221;on&#8221; button_text_size=&#8221;16&#8243; button_text_color=&#8221;#ffffff&#8221; button_bg_color=&#8221;#f37b05&#8243; button_border_color=&#8221;#ffffff&#8221; button_border_radius=&#8221;0&#8243; button_font=&#8221;Roboto||||||||&#8221; \/][\/et_pb_column][et_pb_column type=&#8221;1_3&#8243;][et_pb_text _builder_version=&#8221;3.19.16&#8243; header_3_font=&#8221;Roboto|500|||||||&#8221; header_3_text_color=&#8221;#ffffff&#8221; header_3_font_size=&#8221;25px&#8221; text_orientation=&#8221;center&#8221; header_text_align=&#8221;center&#8221; header_3_text_align=&#8221;center&#8221;]<\/p>\n<h3>Cursos de formaci\u00f3n de profesores de ingl\u00e9s<\/h3>\n<p>[\/et_pb_text][et_pb_button _builder_version=&#8221;3.19.16&#8243; button_text=&#8221;Reservar ahora&#8221; button_url=&#8221;https:\/\/clicbackup.platty.tech\/es\/malaga\/cursos\/inglesa-profesora-formacion-reserva\/&#8221; button_alignment=&#8221;center&#8221; custom_button=&#8221;on&#8221; button_text_size=&#8221;16&#8243; button_text_color=&#8221;#ffffff&#8221; button_bg_color=&#8221;#f37b05&#8243; button_border_color=&#8221;#ffffff&#8221; button_border_radius=&#8221;0&#8243; button_font=&#8221;Roboto||||||||&#8221; \/][\/et_pb_column][\/et_pb_row][\/et_pb_section]<\/p>\n","protected":false},"excerpt":{"rendered":"<p>Reserva ahora (M\u00e1laga) Cursos de Espa\u00f1ol Cursos de formaci\u00f3n del profesorado de espa\u00f1ol Cursos de formaci\u00f3n de profesores de ingl\u00e9s<\/p>\n","protected":false},"author":62,"featured_media":0,"parent":38333,"menu_order":0,"comment_status":"closed","ping_status":"closed","template":"","meta":{"_acf_changed":false,"_et_pb_use_builder":"on","_et_pb_old_content":"","_et_gb_content_width":"","footnotes":""},"class_list":["post-41564","page","type-page","status-publish","hentry"],"acf":[],"_links":{"self":[{"href":"https:\/\/clicbackup.platty.tech\/es\/wp-json\/wp\/v2\/pages\/41564","targetHints":{"allow":["GET"]}}],"collection":[{"href":"https:\/\/clicbackup.platty.tech\/es\/wp-json\/wp\/v2\/pages"}],"about":[{"href":"https:\/\/clicbackup.platty.tech\/es\/wp-json\/wp\/v2\/types\/page"}],"author":[{"embeddable":true,"href":"https:\/\/clicbackup.platty.tech\/es\/wp-json\/wp\/v2\/users\/62"}],"replies":[{"embeddable":true,"href":"https:\/\/clicbackup.platty.tech\/es\/wp-json\/wp\/v2\/comments?post=41564"}],"version-history":[{"count":0,"href":"https:\/\/clicbackup.platty.tech\/es\/wp-json\/wp\/v2\/pages\/41564\/revisions"}],"up":[{"embeddable":true,"href":"https:\/\/clicbackup.platty.tech\/es\/wp-json\/wp\/v2\/pages\/38333"}],"wp:attachment":[{"href":"https:\/\/clicbackup.platty.tech\/es\/wp-json\/wp\/v2\/media?parent=41564"}],"curies":[{"name":"wp","href":"https:\/\/api.w.org\/{rel}","templated":true}]}}