{"id":43214,"date":"2019-11-25T15:23:24","date_gmt":"2019-11-25T14:23:24","guid":{"rendered":"https:\/\/clicbackup.platty.tech\/?page_id=43214"},"modified":"2020-07-29T09:37:28","modified_gmt":"2020-07-29T07:37:28","slug":"reserva","status":"publish","type":"page","link":"https:\/\/clicbackup.platty.tech\/es\/cadiz\/cursos\/frances\/reserva\/","title":{"rendered":"Reserva tu prueba de nivel de franc\u00e9s en C\u00e1diz"},"content":{"rendered":"<p>[et_pb_section bb_built=&#8221;1&#8243; specialty=&#8221;off&#8221; next_background_color=&#8221;#ffffff&#8221; _builder_version=&#8221;3.19.16&#8243; background_position=&#8221;top_center&#8221; module_id=&#8221;seville-template-banner&#8221; custom_padding=&#8221;70px||70px|&#8221; background_color=&#8221;#ff8b00&#8243; inner_width=&#8221;auto&#8221; inner_max_width=&#8221;1130px&#8221;][et_pb_row][et_pb_column type=&#8221;4_4&#8243; custom_padding__hover=&#8221;|||&#8221; custom_padding=&#8221;|||&#8221;][\/et_pb_column][\/et_pb_row][\/et_pb_section][et_pb_section bb_built=&#8221;1&#8243; specialty=&#8221;off&#8221; prev_background_color=&#8221;#ff8b00&#8243; _builder_version=&#8221;3.19.16&#8243; disabled=&#8221;off&#8221; disabled_on=&#8221;off|off|off&#8221; z_index_tablet=&#8221;500&#8243; inner_width_tablet=&#8221;50px&#8221; inner_max_width_tablet=&#8221;50px&#8221; inner_width=&#8221;auto&#8221; inner_max_width=&#8221;none&#8221; custom_margin=&#8221;0px|||&#8221; custom_padding=&#8221;0px|||&#8221;][et_pb_row _builder_version=&#8221;3.19.16&#8243; custom_padding=&#8221;0px||0px|&#8221; module_id=&#8221;book-now-template&#8221; width=&#8221;80%&#8221; max_width=&#8221;1130px&#8221;][et_pb_column type=&#8221;4_4&#8243; custom_padding__hover=&#8221;|||&#8221; custom_padding=&#8221;30px|30px|30px|30px&#8221; background_color=&#8221;#ffffff&#8221;][et_pb_text _builder_version=&#8221;4.5.1&#8243; text_font=&#8221;Roboto||||||||&#8221; text_font_size=&#8221;16px&#8221; text_line_height=&#8221;1.5em&#8221; text_orientation=&#8221;center&#8221; header_font=&#8221;Roboto|700|||||||&#8221; header_text_align=&#8221;center&#8221; header_text_color=&#8221;#ec2f88&#8243; header_font_size=&#8221;37px&#8221; background_color=&#8221;#ffffff&#8221; header_line_height=&#8221;1.2em&#8221; text_text_shadow_horizontal_length=&#8221;text_text_shadow_style,%91object Object%93&#8243; text_text_shadow_horizontal_length_tablet=&#8221;0px&#8221; text_text_shadow_vertical_length=&#8221;text_text_shadow_style,%91object Object%93&#8243; text_text_shadow_vertical_length_tablet=&#8221;0px&#8221; text_text_shadow_blur_strength=&#8221;text_text_shadow_style,%91object Object%93&#8243; text_text_shadow_blur_strength_tablet=&#8221;1px&#8221; link_text_shadow_horizontal_length=&#8221;link_text_shadow_style,%91object Object%93&#8243; link_text_shadow_horizontal_length_tablet=&#8221;0px&#8221; link_text_shadow_vertical_length=&#8221;link_text_shadow_style,%91object Object%93&#8243; link_text_shadow_vertical_length_tablet=&#8221;0px&#8221; link_text_shadow_blur_strength=&#8221;link_text_shadow_style,%91object Object%93&#8243; link_text_shadow_blur_strength_tablet=&#8221;1px&#8221; ul_text_shadow_horizontal_length=&#8221;ul_text_shadow_style,%91object Object%93&#8243; ul_text_shadow_horizontal_length_tablet=&#8221;0px&#8221; ul_text_shadow_vertical_length=&#8221;ul_text_shadow_style,%91object Object%93&#8243; ul_text_shadow_vertical_length_tablet=&#8221;0px&#8221; ul_text_shadow_blur_strength=&#8221;ul_text_shadow_style,%91object Object%93&#8243; ul_text_shadow_blur_strength_tablet=&#8221;1px&#8221; ol_text_shadow_horizontal_length=&#8221;ol_text_shadow_style,%91object Object%93&#8243; ol_text_shadow_horizontal_length_tablet=&#8221;0px&#8221; ol_text_shadow_vertical_length=&#8221;ol_text_shadow_style,%91object Object%93&#8243; ol_text_shadow_vertical_length_tablet=&#8221;0px&#8221; ol_text_shadow_blur_strength=&#8221;ol_text_shadow_style,%91object Object%93&#8243; ol_text_shadow_blur_strength_tablet=&#8221;1px&#8221; quote_text_shadow_horizontal_length=&#8221;quote_text_shadow_style,%91object Object%93&#8243; quote_text_shadow_horizontal_length_tablet=&#8221;0px&#8221; quote_text_shadow_vertical_length=&#8221;quote_text_shadow_style,%91object Object%93&#8243; quote_text_shadow_vertical_length_tablet=&#8221;0px&#8221; quote_text_shadow_blur_strength=&#8221;quote_text_shadow_style,%91object Object%93&#8243; quote_text_shadow_blur_strength_tablet=&#8221;1px&#8221; header_text_shadow_horizontal_length=&#8221;header_text_shadow_style,%91object Object%93&#8243; header_text_shadow_horizontal_length_tablet=&#8221;0px&#8221; header_text_shadow_vertical_length=&#8221;header_text_shadow_style,%91object Object%93&#8243; header_text_shadow_vertical_length_tablet=&#8221;0px&#8221; header_text_shadow_blur_strength=&#8221;header_text_shadow_style,%91object Object%93&#8243; header_text_shadow_blur_strength_tablet=&#8221;1px&#8221; header_2_text_shadow_horizontal_length=&#8221;header_2_text_shadow_style,%91object Object%93&#8243; header_2_text_shadow_horizontal_length_tablet=&#8221;0px&#8221; header_2_text_shadow_vertical_length=&#8221;header_2_text_shadow_style,%91object Object%93&#8243; header_2_text_shadow_vertical_length_tablet=&#8221;0px&#8221; header_2_text_shadow_blur_strength=&#8221;header_2_text_shadow_style,%91object Object%93&#8243; header_2_text_shadow_blur_strength_tablet=&#8221;1px&#8221; header_3_text_shadow_horizontal_length=&#8221;header_3_text_shadow_style,%91object Object%93&#8243; header_3_text_shadow_horizontal_length_tablet=&#8221;0px&#8221; header_3_text_shadow_vertical_length=&#8221;header_3_text_shadow_style,%91object Object%93&#8243; header_3_text_shadow_vertical_length_tablet=&#8221;0px&#8221; header_3_text_shadow_blur_strength=&#8221;header_3_text_shadow_style,%91object Object%93&#8243; header_3_text_shadow_blur_strength_tablet=&#8221;1px&#8221; header_4_text_shadow_horizontal_length=&#8221;header_4_text_shadow_style,%91object Object%93&#8243; header_4_text_shadow_horizontal_length_tablet=&#8221;0px&#8221; header_4_text_shadow_vertical_length=&#8221;header_4_text_shadow_style,%91object Object%93&#8243; header_4_text_shadow_vertical_length_tablet=&#8221;0px&#8221; header_4_text_shadow_blur_strength=&#8221;header_4_text_shadow_style,%91object Object%93&#8243; header_4_text_shadow_blur_strength_tablet=&#8221;1px&#8221; header_5_text_shadow_horizontal_length=&#8221;header_5_text_shadow_style,%91object Object%93&#8243; header_5_text_shadow_horizontal_length_tablet=&#8221;0px&#8221; header_5_text_shadow_vertical_length=&#8221;header_5_text_shadow_style,%91object Object%93&#8243; header_5_text_shadow_vertical_length_tablet=&#8221;0px&#8221; header_5_text_shadow_blur_strength=&#8221;header_5_text_shadow_style,%91object Object%93&#8243; header_5_text_shadow_blur_strength_tablet=&#8221;1px&#8221; header_6_text_shadow_horizontal_length=&#8221;header_6_text_shadow_style,%91object Object%93&#8243; header_6_text_shadow_horizontal_length_tablet=&#8221;0px&#8221; header_6_text_shadow_vertical_length=&#8221;header_6_text_shadow_style,%91object Object%93&#8243; header_6_text_shadow_vertical_length_tablet=&#8221;0px&#8221; header_6_text_shadow_blur_strength=&#8221;header_6_text_shadow_style,%91object Object%93&#8243; header_6_text_shadow_blur_strength_tablet=&#8221;1px&#8221; box_shadow_horizontal_tablet=&#8221;0px&#8221; box_shadow_vertical_tablet=&#8221;0px&#8221; box_shadow_blur_tablet=&#8221;40px&#8221; box_shadow_spread_tablet=&#8221;0px&#8221; vertical_offset_tablet=&#8221;0&#8243; horizontal_offset_tablet=&#8221;0&#8243; z_index_tablet=&#8221;0&#8243;]<\/p>\n<h1>Reserva tu prueba de nivel de franc\u00e9s en C\u00e1diz<\/h1>\n<p>[\/et_pb_text][\/et_pb_column][\/et_pb_row][et_pb_row _builder_version=&#8221;3.19.16&#8243; width=&#8221;80%&#8221; max_width=&#8221;1130px&#8221;][et_pb_column type=&#8221;4_4&#8243; custom_padding__hover=&#8221;|||&#8221; custom_padding=&#8221;|30px|30px|30px&#8221; background_color=&#8221;#ffffff&#8221;][et_pb_text _builder_version=&#8221;3.19.16&#8243; text_orientation=&#8221;left&#8221;]<\/p>\n<p>Haz click <a href=\"https:\/\/clicbackup.platty.tech\/es\/cadiz\/contacto\/\">aqu\u00ed<\/a> para reservar tu prueba de nivel<\/p>\n<p>[\/et_pb_text][et_pb_text _builder_version=&#8221;3.19.16&#8243; text_text_color=&#8221;#000000&#8243; text_orientation=&#8221;left&#8221;]<\/p>\n<p><b>Responsable:<\/b> CLIC Servicios Ling\u00fc\u00edsticos SL<br \/><b>Finalidad:<\/b> <span style=\"font-weight: 400;\">Ense\u00f1anza de idiomas y servicios afines<\/span><br \/><b>Legitimaci\u00f3n:<\/b> <span style=\"font-weight: 400;\">Ejecuci\u00f3n de un contrato, prestaci\u00f3n consentimiento<\/span><br \/><b>Destinatarios: <\/b><span style=\"font-weight: 400;\">CLIC International House<\/span><br \/><b>Derechos: <\/b><span style=\"font-weight: 400;\">Acceder, rectificar y suprimir los datos, as\u00ed como otros derechos, como se explica en la informaci\u00f3n adicional.<\/span><br \/><b>Informaci\u00f3n adicional: <\/b><span style=\"font-weight: 400;\">Puede consultar la informaci\u00f3n adicional y detallada sobre Protecci\u00f3n de Datos en <\/span>este<a href=\"https:\/\/clicbackup.platty.tech\/es\/tratamiento-datos\/\" target=\"_blank\" rel=\"noopener noreferrer\"><b> enlace<\/b><\/a>.<\/p>\n<p>[\/et_pb_text][\/et_pb_column][\/et_pb_row][\/et_pb_section]<\/p>\n","protected":false},"excerpt":{"rendered":"<div class=\"et_pb_row et_pb_row_0 et_pb_row_empty\"><\/div>\n<p> Reserva tu prueba de nivel de franc\u00e9s en C\u00e1diz Haz click aqu\u00ed para reservar tu prueba de nivel Responsable: CLIC Servicios Ling\u00fc\u00edsticos SLFinalidad: Ense\u00f1anza de idiomas y servicios afinesLegitimaci\u00f3n: Ejecuci\u00f3n de un contrato, prestaci\u00f3n consentimientoDestinatarios: CLIC International HouseDerechos: Acceder, rectificar y suprimir los datos, as\u00ed como otros derechos, como se explica en la informaci\u00f3n adicional.Informaci\u00f3n adicional: Puede consultar la informaci\u00f3n adicional y detallada sobre Protecci\u00f3n de Datos en este enlace.<\/p>\n","protected":false},"author":1,"featured_media":0,"parent":38912,"menu_order":0,"comment_status":"closed","ping_status":"closed","template":"","meta":{"_acf_changed":false,"_et_pb_use_builder":"on","_et_pb_old_content":"","_et_gb_content_width":"","footnotes":""},"class_list":["post-43214","page","type-page","status-publish","hentry"],"acf":[],"_links":{"self":[{"href":"https:\/\/clicbackup.platty.tech\/es\/wp-json\/wp\/v2\/pages\/43214","targetHints":{"allow":["GET"]}}],"collection":[{"href":"https:\/\/clicbackup.platty.tech\/es\/wp-json\/wp\/v2\/pages"}],"about":[{"href":"https:\/\/clicbackup.platty.tech\/es\/wp-json\/wp\/v2\/types\/page"}],"author":[{"embeddable":true,"href":"https:\/\/clicbackup.platty.tech\/es\/wp-json\/wp\/v2\/users\/1"}],"replies":[{"embeddable":true,"href":"https:\/\/clicbackup.platty.tech\/es\/wp-json\/wp\/v2\/comments?post=43214"}],"version-history":[{"count":0,"href":"https:\/\/clicbackup.platty.tech\/es\/wp-json\/wp\/v2\/pages\/43214\/revisions"}],"up":[{"embeddable":true,"href":"https:\/\/clicbackup.platty.tech\/es\/wp-json\/wp\/v2\/pages\/38912"}],"wp:attachment":[{"href":"https:\/\/clicbackup.platty.tech\/es\/wp-json\/wp\/v2\/media?parent=43214"}],"curies":[{"name":"wp","href":"https:\/\/api.w.org\/{rel}","templated":true}]}}